{"id":91901,"date":"2023-07-20T15:21:33","date_gmt":"2023-07-20T18:21:33","guid":{"rendered":"https:\/\/novosite.crefito4.gov.br\/site\/?page_id=91901"},"modified":"2023-09-19T11:52:08","modified_gmt":"2023-09-19T14:52:08","slug":"nucleo-sorriso-de-odontologia","status":"publish","type":"page","link":"https:\/\/novosite.crefito4.gov.br\/site\/nucleo-sorriso-de-odontologia\/","title":{"rendered":"N\u00daCLEO SORRISO DE ODONTOLOGIA"},"content":{"rendered":"\t\t<div data-elementor-type=\"wp-page\" data-elementor-id=\"91901\" class=\"elementor elementor-91901\">\n\t\t\t\t\t\t\t\t\t<section class=\"elementor-section elementor-top-section elementor-element elementor-element-7c46852 elementor-section-boxed elementor-section-height-default elementor-section-height-default\" data-id=\"7c46852\" data-element_type=\"section\">\n\t\t\t\t\t\t<div class=\"elementor-container elementor-column-gap-default\">\n\t\t\t\t\t<div class=\"elementor-column elementor-col-100 elementor-top-column elementor-element elementor-element-a881e9b\" data-id=\"a881e9b\" data-element_type=\"column\">\n\t\t\t<div class=\"elementor-widget-wrap elementor-element-populated\">\n\t\t\t\t\t\t\t\t<div class=\"elementor-element elementor-element-a726ad8 elementor--h-position-center elementor--v-position-middle elementor-arrows-position-inside elementor-pagination-position-inside elementor-widget elementor-widget-slides\" data-id=\"a726ad8\" data-element_type=\"widget\" data-settings=\"{&quot;navigation&quot;:&quot;both&quot;,&quot;autoplay&quot;:&quot;yes&quot;,&quot;pause_on_hover&quot;:&quot;yes&quot;,&quot;pause_on_interaction&quot;:&quot;yes&quot;,&quot;autoplay_speed&quot;:5000,&quot;infinite&quot;:&quot;yes&quot;,&quot;transition&quot;:&quot;slide&quot;,&quot;transition_speed&quot;:500}\" data-widget_type=\"slides.default\">\n\t\t\t\t<div class=\"elementor-widget-container\">\n\t\t\t\t\t<div class=\"elementor-swiper\">\n\t\t\t<div class=\"elementor-slides-wrapper elementor-main-swiper swiper-container\" dir=\"ltr\" data-animation=\"fadeInUp\">\n\t\t\t\t<div class=\"swiper-wrapper elementor-slides\">\n\t\t\t\t\t\t\t\t\t\t<div class=\"elementor-repeater-item-a1253b4 swiper-slide\"><div class=\"swiper-slide-bg\"><\/div><div class=\"swiper-slide-inner\" ><div class=\"swiper-slide-contents\"><\/div><\/div><\/div>\t\t\t\t<\/div>\n\t\t\t\t\t\t\t<\/div>\n\t\t<\/div>\n\t\t\t\t<\/div>\n\t\t\t\t<\/div>\n\t\t\t\t\t<\/div>\n\t\t<\/div>\n\t\t\t\t\t\t\t<\/div>\n\t\t<\/section>\n\t\t\t\t<section class=\"elementor-section elementor-top-section elementor-element elementor-element-3543f19 elementor-section-boxed elementor-section-height-default elementor-section-height-default\" data-id=\"3543f19\" data-element_type=\"section\">\n\t\t\t\t\t\t<div class=\"elementor-container elementor-column-gap-default\">\n\t\t\t\t\t<div class=\"elementor-column elementor-col-25 elementor-top-column elementor-element elementor-element-426dda5\" data-id=\"426dda5\" data-element_type=\"column\">\n\t\t\t<div class=\"elementor-widget-wrap\">\n\t\t\t\t\t\t\t\t\t<\/div>\n\t\t<\/div>\n\t\t\t\t<div class=\"elementor-column elementor-col-50 elementor-top-column elementor-element elementor-element-2f8946b\" data-id=\"2f8946b\" data-element_type=\"column\">\n\t\t\t<div class=\"elementor-widget-wrap elementor-element-populated\">\n\t\t\t\t\t\t\t\t<div class=\"elementor-element elementor-element-c65fb55 elementor-widget elementor-widget-heading\" data-id=\"c65fb55\" data-element_type=\"widget\" data-widget_type=\"heading.default\">\n\t\t\t\t<div class=\"elementor-widget-container\">\n\t\t\t<p class=\"elementor-heading-title elementor-size-default\">Clube de Vantagens<\/p>\t\t<\/div>\n\t\t\t\t<\/div>\n\t\t\t\t\t<\/div>\n\t\t<\/div>\n\t\t\t\t<div class=\"elementor-column elementor-col-25 elementor-top-column elementor-element elementor-element-623df71\" data-id=\"623df71\" data-element_type=\"column\">\n\t\t\t<div class=\"elementor-widget-wrap\">\n\t\t\t\t\t\t\t\t\t<\/div>\n\t\t<\/div>\n\t\t\t\t\t\t\t<\/div>\n\t\t<\/section>\n\t\t\t\t<section class=\"elementor-section elementor-top-section elementor-element elementor-element-2d03dc7 elementor-section-boxed elementor-section-height-default elementor-section-height-default\" data-id=\"2d03dc7\" data-element_type=\"section\">\n\t\t\t\t\t\t<div class=\"elementor-container elementor-column-gap-default\">\n\t\t\t\t\t<div class=\"elementor-column elementor-col-20 elementor-top-column elementor-element elementor-element-b84781c\" data-id=\"b84781c\" data-element_type=\"column\">\n\t\t\t<div class=\"elementor-widget-wrap\">\n\t\t\t\t\t\t\t\t\t<\/div>\n\t\t<\/div>\n\t\t\t\t<div class=\"elementor-column elementor-col-20 elementor-top-column elementor-element elementor-element-a17cb86\" data-id=\"a17cb86\" data-element_type=\"column\">\n\t\t\t<div class=\"elementor-widget-wrap elementor-element-populated\">\n\t\t\t\t\t\t\t\t<div class=\"elementor-element elementor-element-10aaa01 elementor-widget elementor-widget-text-editor\" data-id=\"10aaa01\" data-element_type=\"widget\" data-widget_type=\"text-editor.default\">\n\t\t\t\t<div class=\"elementor-widget-container\">\n\t\t\t\t\t\t\t<p align=\"justify\"><span style=\"color: #0a743a;\"><b>N\u00daCLEO SORRISO DE ODONTOLOGIA<\/b><\/span><\/p>\nCl\u00ednica Odontol\u00f3gica <\/br>\nTelefones: <strong>(31) 3274-4111 \/ (31) 99795-4111<\/strong> <\/br>\nSite: <a href=\"http:\/\/www.nucleosorriso.com.br\" target=\"_blank\" rel=\"noopener\"><strong>www.nucleosorriso.com.br<\/strong><\/a><br>\nE-mail: <strong>clinica@nucleosorriso.com.br<\/strong>\t\t\t\t\t\t<\/div>\n\t\t\t\t<\/div>\n\t\t\t\t\t<\/div>\n\t\t<\/div>\n\t\t\t\t<div class=\"elementor-column elementor-col-20 elementor-top-column elementor-element elementor-element-582a4bd\" data-id=\"582a4bd\" data-element_type=\"column\">\n\t\t\t<div class=\"elementor-widget-wrap\">\n\t\t\t\t\t\t\t\t\t<\/div>\n\t\t<\/div>\n\t\t\t\t<div class=\"elementor-column elementor-col-20 elementor-top-column elementor-element elementor-element-ca47fd0\" data-id=\"ca47fd0\" data-element_type=\"column\">\n\t\t\t<div class=\"elementor-widget-wrap elementor-element-populated\">\n\t\t\t\t\t\t\t\t<div class=\"elementor-element elementor-element-0279cd2 elementor-widget elementor-widget-image\" data-id=\"0279cd2\" data-element_type=\"widget\" data-widget_type=\"image.default\">\n\t\t\t\t<div class=\"elementor-widget-container\">\n\t\t\t\t\t\t\t\t\t\t\t\t\t\t\t\t<a href=\"https:\/\/www.youtube.com\/c\/TVCREFITO4\" target=\"_blank\">\n\t\t\t\t\t\t\t<img loading=\"lazy\" decoding=\"async\" width=\"605\" height=\"182\" src=\"https:\/\/novosite.crefito4.gov.br\/site\/wp-content\/uploads\/2023\/01\/tv-crefito4.png\" class=\"elementor-animation-bounce-in attachment-large size-large wp-image-1473\" alt=\"\" srcset=\"https:\/\/novosite.crefito4.gov.br\/site\/wp-content\/uploads\/2023\/01\/tv-crefito4.png 605w, https:\/\/novosite.crefito4.gov.br\/site\/wp-content\/uploads\/2023\/01\/tv-crefito4-300x90.png 300w\" sizes=\"auto, (max-width: 605px) 100vw, 605px\" \/>\t\t\t\t\t\t\t\t<\/a>\n\t\t\t\t\t\t\t\t\t\t\t\t\t\t\t<\/div>\n\t\t\t\t<\/div>\n\t\t\t\t<div class=\"elementor-element elementor-element-75fc237 elementor-widget elementor-widget-image\" data-id=\"75fc237\" data-element_type=\"widget\" data-widget_type=\"image.default\">\n\t\t\t\t<div class=\"elementor-widget-container\">\n\t\t\t\t\t\t\t\t\t\t\t\t\t\t\t\t<a href=\"https:\/\/novosite.crefito4.gov.br\/site\/calendario-das-atividades-institucionais\/\">\n\t\t\t\t\t\t\t<img loading=\"lazy\" decoding=\"async\" width=\"605\" height=\"162\" src=\"https:\/\/novosite.crefito4.gov.br\/site\/wp-content\/uploads\/2023\/05\/btn-calendario.png\" class=\"elementor-animation-bounce-in attachment-large size-large wp-image-2824\" alt=\"\" srcset=\"https:\/\/novosite.crefito4.gov.br\/site\/wp-content\/uploads\/2023\/05\/btn-calendario.png 605w, https:\/\/novosite.crefito4.gov.br\/site\/wp-content\/uploads\/2023\/05\/btn-calendario-300x80.png 300w\" sizes=\"auto, (max-width: 605px) 100vw, 605px\" \/>\t\t\t\t\t\t\t\t<\/a>\n\t\t\t\t\t\t\t\t\t\t\t\t\t\t\t<\/div>\n\t\t\t\t<\/div>\n\t\t\t\t<div class=\"elementor-element elementor-element-dcda755 elementor-widget elementor-widget-image\" data-id=\"dcda755\" data-element_type=\"widget\" data-widget_type=\"image.default\">\n\t\t\t\t<div class=\"elementor-widget-container\">\n\t\t\t\t\t\t\t\t\t\t\t\t\t\t\t\t<a href=\"https:\/\/novosite.crefito4.gov.br\/site\/cartilhas-2\/\">\n\t\t\t\t\t\t\t<img loading=\"lazy\" decoding=\"async\" width=\"707\" height=\"178\" src=\"https:\/\/novosite.crefito4.gov.br\/site\/wp-content\/uploads\/2023\/03\/botao-cartilha.png\" class=\"elementor-animation-bounce-in attachment-large size-large wp-image-2328\" alt=\"\" srcset=\"https:\/\/novosite.crefito4.gov.br\/site\/wp-content\/uploads\/2023\/03\/botao-cartilha.png 707w, https:\/\/novosite.crefito4.gov.br\/site\/wp-content\/uploads\/2023\/03\/botao-cartilha-300x76.png 300w\" sizes=\"auto, (max-width: 707px) 100vw, 707px\" \/>\t\t\t\t\t\t\t\t<\/a>\n\t\t\t\t\t\t\t\t\t\t\t\t\t\t\t<\/div>\n\t\t\t\t<\/div>\n\t\t\t\t<div class=\"elementor-element elementor-element-50cd79f elementor-widget elementor-widget-image\" data-id=\"50cd79f\" data-element_type=\"widget\" data-widget_type=\"image.default\">\n\t\t\t\t<div class=\"elementor-widget-container\">\n\t\t\t\t\t\t\t\t\t\t\t\t\t\t\t\t<a href=\"https:\/\/crefito-mg.implanta.net.br\/portaltransparencia\/#publico\/inicio\" target=\"_blank\">\n\t\t\t\t\t\t\t<img loading=\"lazy\" decoding=\"async\" width=\"605\" height=\"170\" src=\"https:\/\/novosite.crefito4.gov.br\/site\/wp-content\/uploads\/2023\/05\/btn-transparencia.png\" class=\"elementor-animation-bounce-in attachment-large size-large wp-image-2838\" alt=\"\" srcset=\"https:\/\/novosite.crefito4.gov.br\/site\/wp-content\/uploads\/2023\/05\/btn-transparencia.png 605w, https:\/\/novosite.crefito4.gov.br\/site\/wp-content\/uploads\/2023\/05\/btn-transparencia-300x84.png 300w\" sizes=\"auto, (max-width: 605px) 100vw, 605px\" \/>\t\t\t\t\t\t\t\t<\/a>\n\t\t\t\t\t\t\t\t\t\t\t\t\t\t\t<\/div>\n\t\t\t\t<\/div>\n\t\t\t\t\t<\/div>\n\t\t<\/div>\n\t\t\t\t<div class=\"elementor-column elementor-col-20 elementor-top-column elementor-element elementor-element-c58d109\" data-id=\"c58d109\" data-element_type=\"column\">\n\t\t\t<div class=\"elementor-widget-wrap\">\n\t\t\t\t\t\t\t\t\t<\/div>\n\t\t<\/div>\n\t\t\t\t\t\t\t<\/div>\n\t\t<\/section>\n\t\t\t\t<section class=\"elementor-section elementor-top-section elementor-element elementor-element-f011fd9 elementor-section-boxed elementor-section-height-default elementor-section-height-default\" data-id=\"f011fd9\" data-element_type=\"section\">\n\t\t\t\t\t\t<div class=\"elementor-container elementor-column-gap-default\">\n\t\t\t\t\t<div class=\"elementor-column elementor-col-33 elementor-top-column elementor-element elementor-element-025ab21\" data-id=\"025ab21\" data-element_type=\"column\">\n\t\t\t<div class=\"elementor-widget-wrap\">\n\t\t\t\t\t\t\t\t\t<\/div>\n\t\t<\/div>\n\t\t\t\t<div class=\"elementor-column elementor-col-33 elementor-top-column elementor-element elementor-element-f0c0f20\" data-id=\"f0c0f20\" data-element_type=\"column\">\n\t\t\t<div class=\"elementor-widget-wrap elementor-element-populated\">\n\t\t\t\t\t\t\t\t<div class=\"elementor-element elementor-element-901e6cc elementor-widget elementor-widget-heading\" data-id=\"901e6cc\" data-element_type=\"widget\" data-widget_type=\"heading.default\">\n\t\t\t\t<div class=\"elementor-widget-container\">\n\t\t\t<h2 class=\"elementor-heading-title elementor-size-default\">Benef\u00edcios: desconto de 18% em servi\u00e7os odontol\u00f3gicos para fisioterapeutas e terapeutas ocupacionais (verificar\nservi\u00e7os inclu\u00eddos na tabela da empresa credenciada).<\/h2>\t\t<\/div>\n\t\t\t\t<\/div>\n\t\t\t\t\t<\/div>\n\t\t<\/div>\n\t\t\t\t<div class=\"elementor-column elementor-col-33 elementor-top-column elementor-element elementor-element-02f250c\" data-id=\"02f250c\" data-element_type=\"column\">\n\t\t\t<div class=\"elementor-widget-wrap\">\n\t\t\t\t\t\t\t\t\t<\/div>\n\t\t<\/div>\n\t\t\t\t\t\t\t<\/div>\n\t\t<\/section>\n\t\t\t\t<section class=\"elementor-section elementor-top-section elementor-element elementor-element-09ac5c4 elementor-section-boxed elementor-section-height-default elementor-section-height-default\" data-id=\"09ac5c4\" data-element_type=\"section\">\n\t\t\t\t\t\t<div class=\"elementor-container elementor-column-gap-default\">\n\t\t\t\t\t<div class=\"elementor-column elementor-col-25 elementor-top-column elementor-element elementor-element-3cd2a03\" data-id=\"3cd2a03\" data-element_type=\"column\">\n\t\t\t<div class=\"elementor-widget-wrap\">\n\t\t\t\t\t\t\t\t\t<\/div>\n\t\t<\/div>\n\t\t\t\t<div class=\"elementor-column elementor-col-25 elementor-top-column elementor-element elementor-element-792bb49\" data-id=\"792bb49\" data-element_type=\"column\">\n\t\t\t<div class=\"elementor-widget-wrap elementor-element-populated\">\n\t\t\t\t\t\t\t\t<div class=\"elementor-element elementor-element-f85a277 elementor-widget-divider--view-line elementor-widget elementor-widget-divider\" data-id=\"f85a277\" data-element_type=\"widget\" data-widget_type=\"divider.default\">\n\t\t\t\t<div class=\"elementor-widget-container\">\n\t\t\t\t\t<div class=\"elementor-divider\">\n\t\t\t<span class=\"elementor-divider-separator\">\n\t\t\t\t\t\t<\/span>\n\t\t<\/div>\n\t\t\t\t<\/div>\n\t\t\t\t<\/div>\n\t\t\t\t\t<\/div>\n\t\t<\/div>\n\t\t\t\t<div class=\"elementor-column elementor-col-25 elementor-top-column elementor-element elementor-element-d329f6e\" data-id=\"d329f6e\" data-element_type=\"column\">\n\t\t\t<div class=\"elementor-widget-wrap elementor-element-populated\">\n\t\t\t\t\t\t\t\t<div class=\"elementor-element elementor-element-9b899a7 e-transform elementor-widget elementor-widget-heading\" data-id=\"9b899a7\" data-element_type=\"widget\" data-settings=\"{&quot;_transform_scale_effect_hover&quot;:{&quot;unit&quot;:&quot;px&quot;,&quot;size&quot;:1.1,&quot;sizes&quot;:[]},&quot;_transform_scale_effect_hover_tablet&quot;:{&quot;unit&quot;:&quot;px&quot;,&quot;size&quot;:&quot;&quot;,&quot;sizes&quot;:[]},&quot;_transform_scale_effect_hover_mobile&quot;:{&quot;unit&quot;:&quot;px&quot;,&quot;size&quot;:&quot;&quot;,&quot;sizes&quot;:[]}}\" data-widget_type=\"heading.default\">\n\t\t\t\t<div class=\"elementor-widget-container\">\n\t\t\t<span class=\"elementor-heading-title elementor-size-large\"><a href=\"https:\/\/novosite.crefito4.gov.br\/site\/clube-de-vantagens\/\">Confira as outras empresas participantes do Clube de Vantagens<\/a><\/span>\t\t<\/div>\n\t\t\t\t<\/div>\n\t\t\t\t\t<\/div>\n\t\t<\/div>\n\t\t\t\t<div class=\"elementor-column elementor-col-25 elementor-top-column elementor-element elementor-element-8e440d8\" data-id=\"8e440d8\" data-element_type=\"column\">\n\t\t\t<div class=\"elementor-widget-wrap\">\n\t\t\t\t\t\t\t\t\t<\/div>\n\t\t<\/div>\n\t\t\t\t\t\t\t<\/div>\n\t\t<\/section>\n\t\t\t\t\t\t\t<\/div>\n\t\t","protected":false},"excerpt":{"rendered":"<p>Clube de Vantagens N\u00daCLEO SORRISO DE ODONTOLOGIA Cl\u00ednica Odontol\u00f3gica Telefones: (31) 3274-4111 \/ (31) 99795-4111 Site: www.nucleosorriso.com.br E-mail: clinica@nucleosorriso.com.br Benef\u00edcios: desconto de 18% em servi\u00e7os odontol\u00f3gicos para fisioterapeutas e terapeutas ocupacionais (verificar servi\u00e7os inclu\u00eddos na tabela da empresa credenciada). Confira as outras empresas participantes do Clube de Vantagens<\/p>\n","protected":false},"author":1,"featured_media":0,"parent":0,"menu_order":0,"comment_status":"closed","ping_status":"closed","template":"page-templates\/template-pagebuilder-full-width.php","meta":{"footnotes":""},"class_list":["post-91901","page","type-page","status-publish","hentry"],"_links":{"self":[{"href":"https:\/\/novosite.crefito4.gov.br\/site\/wp-json\/wp\/v2\/pages\/91901","targetHints":{"allow":["GET"]}}],"collection":[{"href":"https:\/\/novosite.crefito4.gov.br\/site\/wp-json\/wp\/v2\/pages"}],"about":[{"href":"https:\/\/novosite.crefito4.gov.br\/site\/wp-json\/wp\/v2\/types\/page"}],"author":[{"embeddable":true,"href":"https:\/\/novosite.crefito4.gov.br\/site\/wp-json\/wp\/v2\/users\/1"}],"replies":[{"embeddable":true,"href":"https:\/\/novosite.crefito4.gov.br\/site\/wp-json\/wp\/v2\/comments?post=91901"}],"version-history":[{"count":22,"href":"https:\/\/novosite.crefito4.gov.br\/site\/wp-json\/wp\/v2\/pages\/91901\/revisions"}],"predecessor-version":[{"id":95583,"href":"https:\/\/novosite.crefito4.gov.br\/site\/wp-json\/wp\/v2\/pages\/91901\/revisions\/95583"}],"wp:attachment":[{"href":"https:\/\/novosite.crefito4.gov.br\/site\/wp-json\/wp\/v2\/media?parent=91901"}],"curies":[{"name":"wp","href":"https:\/\/api.w.org\/{rel}","templated":true}]}}