{"id":94681,"date":"2023-08-14T15:20:16","date_gmt":"2023-08-14T18:20:16","guid":{"rendered":"https:\/\/novosite.crefito4.gov.br\/site\/?page_id=94681"},"modified":"2023-09-19T11:53:56","modified_gmt":"2023-09-19T14:53:56","slug":"physiocode","status":"publish","type":"page","link":"https:\/\/novosite.crefito4.gov.br\/site\/physiocode\/","title":{"rendered":"Physiocode"},"content":{"rendered":"\t\t<div data-elementor-type=\"wp-page\" data-elementor-id=\"94681\" class=\"elementor elementor-94681\">\n\t\t\t\t\t\t\t\t\t<section class=\"elementor-section elementor-top-section elementor-element elementor-element-23b4bdf elementor-section-boxed elementor-section-height-default elementor-section-height-default\" data-id=\"23b4bdf\" data-element_type=\"section\">\n\t\t\t\t\t\t<div class=\"elementor-container elementor-column-gap-default\">\n\t\t\t\t\t<div class=\"elementor-column elementor-col-100 elementor-top-column elementor-element elementor-element-608658d\" data-id=\"608658d\" data-element_type=\"column\">\n\t\t\t<div class=\"elementor-widget-wrap elementor-element-populated\">\n\t\t\t\t\t\t\t\t<div class=\"elementor-element elementor-element-5ed99614 elementor--h-position-center elementor--v-position-middle elementor-arrows-position-inside elementor-pagination-position-inside elementor-widget elementor-widget-slides\" data-id=\"5ed99614\" data-element_type=\"widget\" data-settings=\"{&quot;navigation&quot;:&quot;both&quot;,&quot;autoplay&quot;:&quot;yes&quot;,&quot;pause_on_hover&quot;:&quot;yes&quot;,&quot;pause_on_interaction&quot;:&quot;yes&quot;,&quot;autoplay_speed&quot;:5000,&quot;infinite&quot;:&quot;yes&quot;,&quot;transition&quot;:&quot;slide&quot;,&quot;transition_speed&quot;:500}\" data-widget_type=\"slides.default\">\n\t\t\t\t<div class=\"elementor-widget-container\">\n\t\t\t\t\t<div class=\"elementor-swiper\">\n\t\t\t<div class=\"elementor-slides-wrapper elementor-main-swiper swiper-container\" dir=\"ltr\" data-animation=\"fadeInUp\">\n\t\t\t\t<div class=\"swiper-wrapper elementor-slides\">\n\t\t\t\t\t\t\t\t\t\t<div class=\"elementor-repeater-item-a1253b4 swiper-slide\"><div class=\"swiper-slide-bg\"><\/div><div class=\"swiper-slide-inner\" ><div class=\"swiper-slide-contents\"><\/div><\/div><\/div>\t\t\t\t<\/div>\n\t\t\t\t\t\t\t<\/div>\n\t\t<\/div>\n\t\t\t\t<\/div>\n\t\t\t\t<\/div>\n\t\t\t\t\t<\/div>\n\t\t<\/div>\n\t\t\t\t\t\t\t<\/div>\n\t\t<\/section>\n\t\t\t\t<section class=\"elementor-section elementor-top-section elementor-element elementor-element-289e39d8 elementor-section-boxed elementor-section-height-default elementor-section-height-default\" data-id=\"289e39d8\" data-element_type=\"section\">\n\t\t\t\t\t\t<div class=\"elementor-container elementor-column-gap-default\">\n\t\t\t\t\t<div class=\"elementor-column elementor-col-25 elementor-top-column elementor-element elementor-element-a9be635\" data-id=\"a9be635\" data-element_type=\"column\">\n\t\t\t<div class=\"elementor-widget-wrap\">\n\t\t\t\t\t\t\t\t\t<\/div>\n\t\t<\/div>\n\t\t\t\t<div class=\"elementor-column elementor-col-50 elementor-top-column elementor-element elementor-element-29f2bcdf\" data-id=\"29f2bcdf\" data-element_type=\"column\">\n\t\t\t<div class=\"elementor-widget-wrap elementor-element-populated\">\n\t\t\t\t\t\t\t\t<div class=\"elementor-element elementor-element-4912c793 elementor-widget elementor-widget-heading\" data-id=\"4912c793\" data-element_type=\"widget\" data-widget_type=\"heading.default\">\n\t\t\t\t<div class=\"elementor-widget-container\">\n\t\t\t<p class=\"elementor-heading-title elementor-size-default\">Clube de Vantagens<\/p>\t\t<\/div>\n\t\t\t\t<\/div>\n\t\t\t\t\t<\/div>\n\t\t<\/div>\n\t\t\t\t<div class=\"elementor-column elementor-col-25 elementor-top-column elementor-element elementor-element-27da479c\" data-id=\"27da479c\" data-element_type=\"column\">\n\t\t\t<div class=\"elementor-widget-wrap\">\n\t\t\t\t\t\t\t\t\t<\/div>\n\t\t<\/div>\n\t\t\t\t\t\t\t<\/div>\n\t\t<\/section>\n\t\t\t\t<section class=\"elementor-section elementor-top-section elementor-element elementor-element-31ff3d0 elementor-section-boxed elementor-section-height-default elementor-section-height-default\" data-id=\"31ff3d0\" data-element_type=\"section\">\n\t\t\t\t\t\t<div class=\"elementor-container elementor-column-gap-default\">\n\t\t\t\t\t<div class=\"elementor-column elementor-col-20 elementor-top-column elementor-element elementor-element-420a6dc6\" data-id=\"420a6dc6\" data-element_type=\"column\">\n\t\t\t<div class=\"elementor-widget-wrap\">\n\t\t\t\t\t\t\t\t\t<\/div>\n\t\t<\/div>\n\t\t\t\t<div class=\"elementor-column elementor-col-20 elementor-top-column elementor-element elementor-element-57cfc38a\" data-id=\"57cfc38a\" data-element_type=\"column\">\n\t\t\t<div class=\"elementor-widget-wrap elementor-element-populated\">\n\t\t\t\t\t\t\t\t<div class=\"elementor-element elementor-element-ac70c3e elementor-widget elementor-widget-text-editor\" data-id=\"ac70c3e\" data-element_type=\"widget\" data-widget_type=\"text-editor.default\">\n\t\t\t\t<div class=\"elementor-widget-container\">\n\t\t\t\t\t\t\t<p align=\"justify\"><span style=\"color: #0a743a;\"><b>PHYSIOCODE<\/b> <\/br><\/span>Aplicativo de avalia\u00e7\u00e3o f\u00edsica<span class=\"Apple-converted-space\">\u00a0<\/span><\/br>\n\nTelefones:\n<strong>98395-7027 (WhatsAspp)<span class=\"Apple-converted-space\">\u00a0<\/span><\/strong><\/br>\n\nSite: <a href=\"http:\/\/physiocodeapp.com\/\" target=\"_blank\" rel=\"noopener\"><strong>physiocodeapp.com<\/strong><\/a><\/br>\n\nE-mail:\n<strong>contato@physiocode.com.br<span class=\"Apple-converted-space\">\u00a0<\/span><\/strong><\/p>\t\t\t\t\t\t<\/div>\n\t\t\t\t<\/div>\n\t\t\t\t\t<\/div>\n\t\t<\/div>\n\t\t\t\t<div class=\"elementor-column elementor-col-20 elementor-top-column elementor-element elementor-element-4ef40749\" data-id=\"4ef40749\" data-element_type=\"column\">\n\t\t\t<div class=\"elementor-widget-wrap\">\n\t\t\t\t\t\t\t\t\t<\/div>\n\t\t<\/div>\n\t\t\t\t<div class=\"elementor-column elementor-col-20 elementor-top-column elementor-element elementor-element-6cecb8a2\" data-id=\"6cecb8a2\" data-element_type=\"column\">\n\t\t\t<div class=\"elementor-widget-wrap elementor-element-populated\">\n\t\t\t\t\t\t\t\t<div class=\"elementor-element elementor-element-592a276b elementor-widget elementor-widget-image\" data-id=\"592a276b\" data-element_type=\"widget\" data-widget_type=\"image.default\">\n\t\t\t\t<div class=\"elementor-widget-container\">\n\t\t\t\t\t\t\t\t\t\t\t\t\t\t\t\t<a href=\"https:\/\/www.youtube.com\/c\/TVCREFITO4\" target=\"_blank\">\n\t\t\t\t\t\t\t<img loading=\"lazy\" decoding=\"async\" width=\"605\" height=\"182\" src=\"https:\/\/novosite.crefito4.gov.br\/site\/wp-content\/uploads\/2023\/01\/tv-crefito4.png\" class=\"elementor-animation-bounce-in attachment-large size-large wp-image-1473\" alt=\"\" srcset=\"https:\/\/novosite.crefito4.gov.br\/site\/wp-content\/uploads\/2023\/01\/tv-crefito4.png 605w, https:\/\/novosite.crefito4.gov.br\/site\/wp-content\/uploads\/2023\/01\/tv-crefito4-300x90.png 300w\" sizes=\"auto, (max-width: 605px) 100vw, 605px\" \/>\t\t\t\t\t\t\t\t<\/a>\n\t\t\t\t\t\t\t\t\t\t\t\t\t\t\t<\/div>\n\t\t\t\t<\/div>\n\t\t\t\t<div class=\"elementor-element elementor-element-2a13eebe elementor-widget elementor-widget-image\" data-id=\"2a13eebe\" data-element_type=\"widget\" data-widget_type=\"image.default\">\n\t\t\t\t<div class=\"elementor-widget-container\">\n\t\t\t\t\t\t\t\t\t\t\t\t\t\t\t\t<a href=\"https:\/\/novosite.crefito4.gov.br\/site\/calendario-das-atividades-institucionais\/\">\n\t\t\t\t\t\t\t<img loading=\"lazy\" decoding=\"async\" width=\"605\" height=\"162\" src=\"https:\/\/novosite.crefito4.gov.br\/site\/wp-content\/uploads\/2023\/05\/btn-calendario.png\" class=\"elementor-animation-bounce-in attachment-large size-large wp-image-2824\" alt=\"\" srcset=\"https:\/\/novosite.crefito4.gov.br\/site\/wp-content\/uploads\/2023\/05\/btn-calendario.png 605w, https:\/\/novosite.crefito4.gov.br\/site\/wp-content\/uploads\/2023\/05\/btn-calendario-300x80.png 300w\" sizes=\"auto, (max-width: 605px) 100vw, 605px\" \/>\t\t\t\t\t\t\t\t<\/a>\n\t\t\t\t\t\t\t\t\t\t\t\t\t\t\t<\/div>\n\t\t\t\t<\/div>\n\t\t\t\t<div class=\"elementor-element elementor-element-5bf3d9f9 elementor-widget elementor-widget-image\" data-id=\"5bf3d9f9\" data-element_type=\"widget\" data-widget_type=\"image.default\">\n\t\t\t\t<div class=\"elementor-widget-container\">\n\t\t\t\t\t\t\t\t\t\t\t\t\t\t\t\t<a href=\"https:\/\/novosite.crefito4.gov.br\/site\/cartilhas-2\/\">\n\t\t\t\t\t\t\t<img loading=\"lazy\" decoding=\"async\" width=\"707\" height=\"178\" src=\"https:\/\/novosite.crefito4.gov.br\/site\/wp-content\/uploads\/2023\/03\/botao-cartilha.png\" class=\"elementor-animation-bounce-in attachment-large size-large wp-image-2328\" alt=\"\" srcset=\"https:\/\/novosite.crefito4.gov.br\/site\/wp-content\/uploads\/2023\/03\/botao-cartilha.png 707w, https:\/\/novosite.crefito4.gov.br\/site\/wp-content\/uploads\/2023\/03\/botao-cartilha-300x76.png 300w\" sizes=\"auto, (max-width: 707px) 100vw, 707px\" \/>\t\t\t\t\t\t\t\t<\/a>\n\t\t\t\t\t\t\t\t\t\t\t\t\t\t\t<\/div>\n\t\t\t\t<\/div>\n\t\t\t\t<div class=\"elementor-element elementor-element-51bd91c1 elementor-widget elementor-widget-image\" data-id=\"51bd91c1\" data-element_type=\"widget\" data-widget_type=\"image.default\">\n\t\t\t\t<div class=\"elementor-widget-container\">\n\t\t\t\t\t\t\t\t\t\t\t\t\t\t\t\t<a href=\"https:\/\/crefito-mg.implanta.net.br\/portaltransparencia\/#publico\/inicio\" target=\"_blank\">\n\t\t\t\t\t\t\t<img loading=\"lazy\" decoding=\"async\" width=\"605\" height=\"170\" src=\"https:\/\/novosite.crefito4.gov.br\/site\/wp-content\/uploads\/2023\/05\/btn-transparencia.png\" class=\"elementor-animation-bounce-in attachment-large size-large wp-image-2838\" alt=\"\" srcset=\"https:\/\/novosite.crefito4.gov.br\/site\/wp-content\/uploads\/2023\/05\/btn-transparencia.png 605w, https:\/\/novosite.crefito4.gov.br\/site\/wp-content\/uploads\/2023\/05\/btn-transparencia-300x84.png 300w\" sizes=\"auto, (max-width: 605px) 100vw, 605px\" \/>\t\t\t\t\t\t\t\t<\/a>\n\t\t\t\t\t\t\t\t\t\t\t\t\t\t\t<\/div>\n\t\t\t\t<\/div>\n\t\t\t\t\t<\/div>\n\t\t<\/div>\n\t\t\t\t<div class=\"elementor-column elementor-col-20 elementor-top-column elementor-element elementor-element-d4f7fce\" data-id=\"d4f7fce\" data-element_type=\"column\">\n\t\t\t<div class=\"elementor-widget-wrap\">\n\t\t\t\t\t\t\t\t\t<\/div>\n\t\t<\/div>\n\t\t\t\t\t\t\t<\/div>\n\t\t<\/section>\n\t\t\t\t<section class=\"elementor-section elementor-top-section elementor-element elementor-element-6d514a77 elementor-section-boxed elementor-section-height-default elementor-section-height-default\" data-id=\"6d514a77\" data-element_type=\"section\">\n\t\t\t\t\t\t<div class=\"elementor-container elementor-column-gap-default\">\n\t\t\t\t\t<div class=\"elementor-column elementor-col-33 elementor-top-column elementor-element elementor-element-73c9c77\" data-id=\"73c9c77\" data-element_type=\"column\">\n\t\t\t<div class=\"elementor-widget-wrap\">\n\t\t\t\t\t\t\t\t\t<\/div>\n\t\t<\/div>\n\t\t\t\t<div class=\"elementor-column elementor-col-33 elementor-top-column elementor-element elementor-element-503a87f4\" data-id=\"503a87f4\" data-element_type=\"column\">\n\t\t\t<div class=\"elementor-widget-wrap elementor-element-populated\">\n\t\t\t\t\t\t\t\t<div class=\"elementor-element elementor-element-414b0a56 elementor-widget elementor-widget-heading\" data-id=\"414b0a56\" data-element_type=\"widget\" data-widget_type=\"heading.default\">\n\t\t\t\t<div class=\"elementor-widget-container\">\n\t\t\t<h2 class=\"elementor-heading-title elementor-size-default\"><a href=\"https:\/\/forms.gle\/mKqvSj8GvHbGHvSe7\" target=\"_blank\">Benef\u00edcios: desconto na assinatura (15% na assinatura anual). Complemento cortesia de um m\u00eas de uso pelo\nform: https:\/\/forms.gle\/mKqvSj8GvHbGHvSe7. Aplicativo apenas para Android.<\/a><\/h2>\t\t<\/div>\n\t\t\t\t<\/div>\n\t\t\t\t\t<\/div>\n\t\t<\/div>\n\t\t\t\t<div class=\"elementor-column elementor-col-33 elementor-top-column elementor-element elementor-element-3ea59d90\" data-id=\"3ea59d90\" data-element_type=\"column\">\n\t\t\t<div class=\"elementor-widget-wrap\">\n\t\t\t\t\t\t\t\t\t<\/div>\n\t\t<\/div>\n\t\t\t\t\t\t\t<\/div>\n\t\t<\/section>\n\t\t\t\t<section class=\"elementor-section elementor-top-section elementor-element elementor-element-41a20e4 elementor-section-boxed elementor-section-height-default elementor-section-height-default\" data-id=\"41a20e4\" data-element_type=\"section\">\n\t\t\t\t\t\t<div class=\"elementor-container elementor-column-gap-default\">\n\t\t\t\t\t<div class=\"elementor-column elementor-col-33 elementor-top-column elementor-element elementor-element-3c637135\" data-id=\"3c637135\" data-element_type=\"column\">\n\t\t\t<div class=\"elementor-widget-wrap\">\n\t\t\t\t\t\t\t\t\t<\/div>\n\t\t<\/div>\n\t\t\t\t<div class=\"elementor-column elementor-col-33 elementor-top-column elementor-element elementor-element-7ce484aa\" data-id=\"7ce484aa\" data-element_type=\"column\">\n\t\t\t<div class=\"elementor-widget-wrap elementor-element-populated\">\n\t\t\t\t\t\t\t\t<div class=\"elementor-element elementor-element-600f6a62 elementor-widget-divider--view-line elementor-widget elementor-widget-divider\" data-id=\"600f6a62\" data-element_type=\"widget\" data-widget_type=\"divider.default\">\n\t\t\t\t<div class=\"elementor-widget-container\">\n\t\t\t\t\t<div class=\"elementor-divider\">\n\t\t\t<span class=\"elementor-divider-separator\">\n\t\t\t\t\t\t<\/span>\n\t\t<\/div>\n\t\t\t\t<\/div>\n\t\t\t\t<\/div>\n\t\t\t\t\t<\/div>\n\t\t<\/div>\n\t\t\t\t<div class=\"elementor-column elementor-col-33 elementor-top-column elementor-element elementor-element-685e0079\" data-id=\"685e0079\" data-element_type=\"column\">\n\t\t\t<div class=\"elementor-widget-wrap\">\n\t\t\t\t\t\t\t\t\t<\/div>\n\t\t<\/div>\n\t\t\t\t\t\t\t<\/div>\n\t\t<\/section>\n\t\t\t\t<section class=\"elementor-section elementor-top-section elementor-element elementor-element-1474df15 elementor-section-boxed elementor-section-height-default elementor-section-height-default\" data-id=\"1474df15\" data-element_type=\"section\">\n\t\t\t\t\t\t<div class=\"elementor-container elementor-column-gap-default\">\n\t\t\t\t\t<div class=\"elementor-column elementor-col-25 elementor-top-column elementor-element elementor-element-12ffcc59\" data-id=\"12ffcc59\" data-element_type=\"column\">\n\t\t\t<div class=\"elementor-widget-wrap\">\n\t\t\t\t\t\t\t\t\t<\/div>\n\t\t<\/div>\n\t\t\t\t<div class=\"elementor-column elementor-col-25 elementor-top-column elementor-element elementor-element-32037193\" data-id=\"32037193\" data-element_type=\"column\">\n\t\t\t<div class=\"elementor-widget-wrap elementor-element-populated\">\n\t\t\t\t\t\t\t\t<div class=\"elementor-element elementor-element-4aa9308b elementor-widget-divider--view-line elementor-widget elementor-widget-divider\" data-id=\"4aa9308b\" data-element_type=\"widget\" data-widget_type=\"divider.default\">\n\t\t\t\t<div class=\"elementor-widget-container\">\n\t\t\t\t\t<div class=\"elementor-divider\">\n\t\t\t<span class=\"elementor-divider-separator\">\n\t\t\t\t\t\t<\/span>\n\t\t<\/div>\n\t\t\t\t<\/div>\n\t\t\t\t<\/div>\n\t\t\t\t\t<\/div>\n\t\t<\/div>\n\t\t\t\t<div class=\"elementor-column elementor-col-25 elementor-top-column elementor-element elementor-element-3b38a854\" data-id=\"3b38a854\" data-element_type=\"column\">\n\t\t\t<div class=\"elementor-widget-wrap elementor-element-populated\">\n\t\t\t\t\t\t\t\t<div class=\"elementor-element elementor-element-61280117 e-transform elementor-widget elementor-widget-heading\" data-id=\"61280117\" data-element_type=\"widget\" data-settings=\"{&quot;_transform_scale_effect_hover&quot;:{&quot;unit&quot;:&quot;px&quot;,&quot;size&quot;:1.1,&quot;sizes&quot;:[]},&quot;_transform_scale_effect_hover_tablet&quot;:{&quot;unit&quot;:&quot;px&quot;,&quot;size&quot;:&quot;&quot;,&quot;sizes&quot;:[]},&quot;_transform_scale_effect_hover_mobile&quot;:{&quot;unit&quot;:&quot;px&quot;,&quot;size&quot;:&quot;&quot;,&quot;sizes&quot;:[]}}\" data-widget_type=\"heading.default\">\n\t\t\t\t<div class=\"elementor-widget-container\">\n\t\t\t<span class=\"elementor-heading-title elementor-size-large\"><a href=\"https:\/\/novosite.crefito4.gov.br\/site\/clube-de-vantagens\/\">Confira as outras empresas participantes do Clube de Vantagens<\/a><\/span>\t\t<\/div>\n\t\t\t\t<\/div>\n\t\t\t\t\t<\/div>\n\t\t<\/div>\n\t\t\t\t<div class=\"elementor-column elementor-col-25 elementor-top-column elementor-element elementor-element-73c6bd2d\" data-id=\"73c6bd2d\" data-element_type=\"column\">\n\t\t\t<div class=\"elementor-widget-wrap\">\n\t\t\t\t\t\t\t\t\t<\/div>\n\t\t<\/div>\n\t\t\t\t\t\t\t<\/div>\n\t\t<\/section>\n\t\t\t\t\t\t\t<\/div>\n\t\t","protected":false},"excerpt":{"rendered":"<p>Clube de Vantagens PHYSIOCODE Aplicativo de avalia\u00e7\u00e3o f\u00edsica\u00a0 Telefones: 98395-7027 (WhatsAspp)\u00a0 Site: physiocodeapp.com E-mail: contato@physiocode.com.br\u00a0 Benef\u00edcios: desconto na assinatura (15% na assinatura anual). Complemento cortesia de um m\u00eas de uso pelo form: https:\/\/forms.gle\/mKqvSj8GvHbGHvSe7. Aplicativo apenas para Android. Confira as outras empresas participantes do Clube de Vantagens<\/p>\n","protected":false},"author":2,"featured_media":0,"parent":0,"menu_order":0,"comment_status":"closed","ping_status":"closed","template":"page-templates\/template-pagebuilder-full-width.php","meta":{"footnotes":""},"class_list":["post-94681","page","type-page","status-publish","hentry"],"_links":{"self":[{"href":"https:\/\/novosite.crefito4.gov.br\/site\/wp-json\/wp\/v2\/pages\/94681","targetHints":{"allow":["GET"]}}],"collection":[{"href":"https:\/\/novosite.crefito4.gov.br\/site\/wp-json\/wp\/v2\/pages"}],"about":[{"href":"https:\/\/novosite.crefito4.gov.br\/site\/wp-json\/wp\/v2\/types\/page"}],"author":[{"embeddable":true,"href":"https:\/\/novosite.crefito4.gov.br\/site\/wp-json\/wp\/v2\/users\/2"}],"replies":[{"embeddable":true,"href":"https:\/\/novosite.crefito4.gov.br\/site\/wp-json\/wp\/v2\/comments?post=94681"}],"version-history":[{"count":14,"href":"https:\/\/novosite.crefito4.gov.br\/site\/wp-json\/wp\/v2\/pages\/94681\/revisions"}],"predecessor-version":[{"id":95589,"href":"https:\/\/novosite.crefito4.gov.br\/site\/wp-json\/wp\/v2\/pages\/94681\/revisions\/95589"}],"wp:attachment":[{"href":"https:\/\/novosite.crefito4.gov.br\/site\/wp-json\/wp\/v2\/media?parent=94681"}],"curies":[{"name":"wp","href":"https:\/\/api.w.org\/{rel}","templated":true}]}}