{"id":94696,"date":"2023-08-14T15:39:29","date_gmt":"2023-08-14T18:39:29","guid":{"rendered":"https:\/\/novosite.crefito4.gov.br\/site\/?page_id=94696"},"modified":"2023-09-19T11:47:48","modified_gmt":"2023-09-19T14:47:48","slug":"mimulus","status":"publish","type":"page","link":"https:\/\/novosite.crefito4.gov.br\/site\/mimulus\/","title":{"rendered":"Mimulus"},"content":{"rendered":"\t\t<div data-elementor-type=\"wp-page\" data-elementor-id=\"94696\" class=\"elementor elementor-94696\">\n\t\t\t\t\t\t\t\t\t<section class=\"elementor-section elementor-top-section elementor-element elementor-element-782de70e elementor-section-boxed elementor-section-height-default elementor-section-height-default\" data-id=\"782de70e\" data-element_type=\"section\">\n\t\t\t\t\t\t<div class=\"elementor-container elementor-column-gap-default\">\n\t\t\t\t\t<div class=\"elementor-column elementor-col-100 elementor-top-column elementor-element elementor-element-c689c12\" data-id=\"c689c12\" data-element_type=\"column\">\n\t\t\t<div class=\"elementor-widget-wrap elementor-element-populated\">\n\t\t\t\t\t\t\t\t<div class=\"elementor-element elementor-element-5143aa26 elementor--h-position-center elementor--v-position-middle elementor-arrows-position-inside elementor-pagination-position-inside elementor-widget elementor-widget-slides\" data-id=\"5143aa26\" data-element_type=\"widget\" data-settings=\"{&quot;navigation&quot;:&quot;both&quot;,&quot;autoplay&quot;:&quot;yes&quot;,&quot;pause_on_hover&quot;:&quot;yes&quot;,&quot;pause_on_interaction&quot;:&quot;yes&quot;,&quot;autoplay_speed&quot;:5000,&quot;infinite&quot;:&quot;yes&quot;,&quot;transition&quot;:&quot;slide&quot;,&quot;transition_speed&quot;:500}\" data-widget_type=\"slides.default\">\n\t\t\t\t<div class=\"elementor-widget-container\">\n\t\t\t\t\t<div class=\"elementor-swiper\">\n\t\t\t<div class=\"elementor-slides-wrapper elementor-main-swiper swiper-container\" dir=\"ltr\" data-animation=\"fadeInUp\">\n\t\t\t\t<div class=\"swiper-wrapper elementor-slides\">\n\t\t\t\t\t\t\t\t\t\t<div class=\"elementor-repeater-item-a1253b4 swiper-slide\"><div class=\"swiper-slide-bg\"><\/div><div class=\"swiper-slide-inner\" ><div class=\"swiper-slide-contents\"><\/div><\/div><\/div>\t\t\t\t<\/div>\n\t\t\t\t\t\t\t<\/div>\n\t\t<\/div>\n\t\t\t\t<\/div>\n\t\t\t\t<\/div>\n\t\t\t\t\t<\/div>\n\t\t<\/div>\n\t\t\t\t\t\t\t<\/div>\n\t\t<\/section>\n\t\t\t\t<section class=\"elementor-section elementor-top-section elementor-element elementor-element-1b2d518b elementor-section-boxed elementor-section-height-default elementor-section-height-default\" data-id=\"1b2d518b\" data-element_type=\"section\">\n\t\t\t\t\t\t<div class=\"elementor-container elementor-column-gap-default\">\n\t\t\t\t\t<div class=\"elementor-column elementor-col-25 elementor-top-column elementor-element elementor-element-246c52df\" data-id=\"246c52df\" data-element_type=\"column\">\n\t\t\t<div class=\"elementor-widget-wrap\">\n\t\t\t\t\t\t\t\t\t<\/div>\n\t\t<\/div>\n\t\t\t\t<div class=\"elementor-column elementor-col-50 elementor-top-column elementor-element elementor-element-472757d9\" data-id=\"472757d9\" data-element_type=\"column\">\n\t\t\t<div class=\"elementor-widget-wrap elementor-element-populated\">\n\t\t\t\t\t\t\t\t<div class=\"elementor-element elementor-element-57ca4337 elementor-widget elementor-widget-heading\" data-id=\"57ca4337\" data-element_type=\"widget\" data-widget_type=\"heading.default\">\n\t\t\t\t<div class=\"elementor-widget-container\">\n\t\t\t<p class=\"elementor-heading-title elementor-size-default\">Clube de Vantagens<\/p>\t\t<\/div>\n\t\t\t\t<\/div>\n\t\t\t\t\t<\/div>\n\t\t<\/div>\n\t\t\t\t<div class=\"elementor-column elementor-col-25 elementor-top-column elementor-element elementor-element-15c296bb\" data-id=\"15c296bb\" data-element_type=\"column\">\n\t\t\t<div class=\"elementor-widget-wrap\">\n\t\t\t\t\t\t\t\t\t<\/div>\n\t\t<\/div>\n\t\t\t\t\t\t\t<\/div>\n\t\t<\/section>\n\t\t\t\t<section class=\"elementor-section elementor-top-section elementor-element elementor-element-1f7d5cbc elementor-section-boxed elementor-section-height-default elementor-section-height-default\" data-id=\"1f7d5cbc\" data-element_type=\"section\">\n\t\t\t\t\t\t<div class=\"elementor-container elementor-column-gap-default\">\n\t\t\t\t\t<div class=\"elementor-column elementor-col-20 elementor-top-column elementor-element elementor-element-6ac4d893\" data-id=\"6ac4d893\" data-element_type=\"column\">\n\t\t\t<div class=\"elementor-widget-wrap\">\n\t\t\t\t\t\t\t\t\t<\/div>\n\t\t<\/div>\n\t\t\t\t<div class=\"elementor-column elementor-col-20 elementor-top-column elementor-element elementor-element-44b7d45a\" data-id=\"44b7d45a\" data-element_type=\"column\">\n\t\t\t<div class=\"elementor-widget-wrap elementor-element-populated\">\n\t\t\t\t\t\t\t\t<div class=\"elementor-element elementor-element-6da1d7e2 elementor-widget elementor-widget-text-editor\" data-id=\"6da1d7e2\" data-element_type=\"widget\" data-widget_type=\"text-editor.default\">\n\t\t\t\t<div class=\"elementor-widget-container\">\n\t\t\t\t\t\t\t<p align=\"justify\"><span style=\"color: #0a743a;\"><b>MIMULUS ESCOLA DE DAN\u00c7A<\/b><span class=\"Apple-converted-space\">\u00a0<\/span><\/p>\n\nEscola de dan\u00e7a <\/br>\nTelefones:\n<p class=\"p1\"><strong>(31) 3295-5213 | (31) 99645-4367 (Whatsapp)<span class=\"Apple-converted-space\">\u00a0<\/span><\/strong><\/br>\nSite:\n<strong><a href=\"http:\/\/www.mimulus.com.br\" target=\"_blank\" rel=\"noopener\">www.mimulus.com.br<span class=\"Apple-converted-space\">\u00a0<\/span><\/a><\/strong><\/br>\nEndere\u00e7o:\n<strong>Rua Ituiutaba, 325 \u2013 Prado | Belo horizonte<span class=\"Apple-converted-space\">\u00a0<\/span><\/strong><\/p>\t\t\t\t\t\t<\/div>\n\t\t\t\t<\/div>\n\t\t\t\t\t<\/div>\n\t\t<\/div>\n\t\t\t\t<div class=\"elementor-column elementor-col-20 elementor-top-column elementor-element elementor-element-6766e236\" data-id=\"6766e236\" data-element_type=\"column\">\n\t\t\t<div class=\"elementor-widget-wrap\">\n\t\t\t\t\t\t\t\t\t<\/div>\n\t\t<\/div>\n\t\t\t\t<div class=\"elementor-column elementor-col-20 elementor-top-column elementor-element elementor-element-341fa2c9\" data-id=\"341fa2c9\" data-element_type=\"column\">\n\t\t\t<div class=\"elementor-widget-wrap elementor-element-populated\">\n\t\t\t\t\t\t\t\t<div class=\"elementor-element elementor-element-36626364 elementor-widget elementor-widget-image\" data-id=\"36626364\" data-element_type=\"widget\" data-widget_type=\"image.default\">\n\t\t\t\t<div class=\"elementor-widget-container\">\n\t\t\t\t\t\t\t\t\t\t\t\t\t\t\t\t<a href=\"https:\/\/www.youtube.com\/c\/TVCREFITO4\" target=\"_blank\">\n\t\t\t\t\t\t\t<img loading=\"lazy\" decoding=\"async\" width=\"605\" height=\"182\" src=\"https:\/\/novosite.crefito4.gov.br\/site\/wp-content\/uploads\/2023\/01\/tv-crefito4.png\" class=\"elementor-animation-bounce-in attachment-large size-large wp-image-1473\" alt=\"\" srcset=\"https:\/\/novosite.crefito4.gov.br\/site\/wp-content\/uploads\/2023\/01\/tv-crefito4.png 605w, https:\/\/novosite.crefito4.gov.br\/site\/wp-content\/uploads\/2023\/01\/tv-crefito4-300x90.png 300w\" sizes=\"auto, (max-width: 605px) 100vw, 605px\" \/>\t\t\t\t\t\t\t\t<\/a>\n\t\t\t\t\t\t\t\t\t\t\t\t\t\t\t<\/div>\n\t\t\t\t<\/div>\n\t\t\t\t<div class=\"elementor-element elementor-element-1982fa07 elementor-widget elementor-widget-image\" data-id=\"1982fa07\" data-element_type=\"widget\" data-widget_type=\"image.default\">\n\t\t\t\t<div class=\"elementor-widget-container\">\n\t\t\t\t\t\t\t\t\t\t\t\t\t\t\t\t<a href=\"https:\/\/novosite.crefito4.gov.br\/site\/calendario-das-atividades-institucionais\/\">\n\t\t\t\t\t\t\t<img loading=\"lazy\" decoding=\"async\" width=\"605\" height=\"162\" src=\"https:\/\/novosite.crefito4.gov.br\/site\/wp-content\/uploads\/2023\/05\/btn-calendario.png\" class=\"elementor-animation-bounce-in attachment-large size-large wp-image-2824\" alt=\"\" srcset=\"https:\/\/novosite.crefito4.gov.br\/site\/wp-content\/uploads\/2023\/05\/btn-calendario.png 605w, https:\/\/novosite.crefito4.gov.br\/site\/wp-content\/uploads\/2023\/05\/btn-calendario-300x80.png 300w\" sizes=\"auto, (max-width: 605px) 100vw, 605px\" \/>\t\t\t\t\t\t\t\t<\/a>\n\t\t\t\t\t\t\t\t\t\t\t\t\t\t\t<\/div>\n\t\t\t\t<\/div>\n\t\t\t\t<div class=\"elementor-element elementor-element-7047ccb2 elementor-widget elementor-widget-image\" data-id=\"7047ccb2\" data-element_type=\"widget\" data-widget_type=\"image.default\">\n\t\t\t\t<div class=\"elementor-widget-container\">\n\t\t\t\t\t\t\t\t\t\t\t\t\t\t\t\t<a href=\"https:\/\/novosite.crefito4.gov.br\/site\/cartilhas-2\/\">\n\t\t\t\t\t\t\t<img loading=\"lazy\" decoding=\"async\" width=\"707\" height=\"178\" src=\"https:\/\/novosite.crefito4.gov.br\/site\/wp-content\/uploads\/2023\/03\/botao-cartilha.png\" class=\"elementor-animation-bounce-in attachment-large size-large wp-image-2328\" alt=\"\" srcset=\"https:\/\/novosite.crefito4.gov.br\/site\/wp-content\/uploads\/2023\/03\/botao-cartilha.png 707w, https:\/\/novosite.crefito4.gov.br\/site\/wp-content\/uploads\/2023\/03\/botao-cartilha-300x76.png 300w\" sizes=\"auto, (max-width: 707px) 100vw, 707px\" \/>\t\t\t\t\t\t\t\t<\/a>\n\t\t\t\t\t\t\t\t\t\t\t\t\t\t\t<\/div>\n\t\t\t\t<\/div>\n\t\t\t\t<div class=\"elementor-element elementor-element-76c275ca elementor-widget elementor-widget-image\" data-id=\"76c275ca\" data-element_type=\"widget\" data-widget_type=\"image.default\">\n\t\t\t\t<div class=\"elementor-widget-container\">\n\t\t\t\t\t\t\t\t\t\t\t\t\t\t\t\t<a href=\"https:\/\/crefito-mg.implanta.net.br\/portaltransparencia\/#publico\/inicio\" target=\"_blank\">\n\t\t\t\t\t\t\t<img loading=\"lazy\" decoding=\"async\" width=\"605\" height=\"170\" src=\"https:\/\/novosite.crefito4.gov.br\/site\/wp-content\/uploads\/2023\/05\/btn-transparencia.png\" class=\"elementor-animation-bounce-in attachment-large size-large wp-image-2838\" alt=\"\" srcset=\"https:\/\/novosite.crefito4.gov.br\/site\/wp-content\/uploads\/2023\/05\/btn-transparencia.png 605w, https:\/\/novosite.crefito4.gov.br\/site\/wp-content\/uploads\/2023\/05\/btn-transparencia-300x84.png 300w\" sizes=\"auto, (max-width: 605px) 100vw, 605px\" \/>\t\t\t\t\t\t\t\t<\/a>\n\t\t\t\t\t\t\t\t\t\t\t\t\t\t\t<\/div>\n\t\t\t\t<\/div>\n\t\t\t\t\t<\/div>\n\t\t<\/div>\n\t\t\t\t<div class=\"elementor-column elementor-col-20 elementor-top-column elementor-element elementor-element-62cc66b\" data-id=\"62cc66b\" data-element_type=\"column\">\n\t\t\t<div class=\"elementor-widget-wrap\">\n\t\t\t\t\t\t\t\t\t<\/div>\n\t\t<\/div>\n\t\t\t\t\t\t\t<\/div>\n\t\t<\/section>\n\t\t\t\t<section class=\"elementor-section elementor-top-section elementor-element elementor-element-765dd9a8 elementor-section-boxed elementor-section-height-default elementor-section-height-default\" data-id=\"765dd9a8\" data-element_type=\"section\">\n\t\t\t\t\t\t<div class=\"elementor-container elementor-column-gap-default\">\n\t\t\t\t\t<div class=\"elementor-column elementor-col-33 elementor-top-column elementor-element elementor-element-74f2dd06\" data-id=\"74f2dd06\" data-element_type=\"column\">\n\t\t\t<div class=\"elementor-widget-wrap\">\n\t\t\t\t\t\t\t\t\t<\/div>\n\t\t<\/div>\n\t\t\t\t<div class=\"elementor-column elementor-col-33 elementor-top-column elementor-element elementor-element-23dafdda\" data-id=\"23dafdda\" data-element_type=\"column\">\n\t\t\t<div class=\"elementor-widget-wrap elementor-element-populated\">\n\t\t\t\t\t\t\t\t<div class=\"elementor-element elementor-element-7033e614 elementor-widget elementor-widget-heading\" data-id=\"7033e614\" data-element_type=\"widget\" data-widget_type=\"heading.default\">\n\t\t\t\t<div class=\"elementor-widget-container\">\n\t\t\t<h2 class=\"elementor-heading-title elementor-size-default\">Benef\u00edcios: concess\u00e3o de 10% de desconto, na mensalidade de aulas presenciais em grupo e workshops, sobre o pre\u00e7o da tabela praticada e de 20% de desconto na mensalidade do programa de aulas virtuais Mimulus Exclusivos.<\/h2>\t\t<\/div>\n\t\t\t\t<\/div>\n\t\t\t\t\t<\/div>\n\t\t<\/div>\n\t\t\t\t<div class=\"elementor-column elementor-col-33 elementor-top-column elementor-element elementor-element-69c20357\" data-id=\"69c20357\" data-element_type=\"column\">\n\t\t\t<div class=\"elementor-widget-wrap\">\n\t\t\t\t\t\t\t\t\t<\/div>\n\t\t<\/div>\n\t\t\t\t\t\t\t<\/div>\n\t\t<\/section>\n\t\t\t\t<section class=\"elementor-section elementor-top-section elementor-element elementor-element-7387ba52 elementor-section-boxed elementor-section-height-default elementor-section-height-default\" data-id=\"7387ba52\" data-element_type=\"section\">\n\t\t\t\t\t\t<div class=\"elementor-container elementor-column-gap-default\">\n\t\t\t\t\t<div class=\"elementor-column elementor-col-33 elementor-top-column elementor-element elementor-element-6af3197a\" data-id=\"6af3197a\" data-element_type=\"column\">\n\t\t\t<div class=\"elementor-widget-wrap\">\n\t\t\t\t\t\t\t\t\t<\/div>\n\t\t<\/div>\n\t\t\t\t<div class=\"elementor-column elementor-col-33 elementor-top-column elementor-element elementor-element-4885efb\" data-id=\"4885efb\" data-element_type=\"column\">\n\t\t\t<div class=\"elementor-widget-wrap elementor-element-populated\">\n\t\t\t\t\t\t\t\t<div class=\"elementor-element elementor-element-329596b3 elementor-widget-divider--view-line elementor-widget elementor-widget-divider\" data-id=\"329596b3\" data-element_type=\"widget\" data-widget_type=\"divider.default\">\n\t\t\t\t<div class=\"elementor-widget-container\">\n\t\t\t\t\t<div class=\"elementor-divider\">\n\t\t\t<span class=\"elementor-divider-separator\">\n\t\t\t\t\t\t<\/span>\n\t\t<\/div>\n\t\t\t\t<\/div>\n\t\t\t\t<\/div>\n\t\t\t\t\t<\/div>\n\t\t<\/div>\n\t\t\t\t<div class=\"elementor-column elementor-col-33 elementor-top-column elementor-element elementor-element-24b0cacc\" data-id=\"24b0cacc\" data-element_type=\"column\">\n\t\t\t<div class=\"elementor-widget-wrap\">\n\t\t\t\t\t\t\t\t\t<\/div>\n\t\t<\/div>\n\t\t\t\t\t\t\t<\/div>\n\t\t<\/section>\n\t\t\t\t<section class=\"elementor-section elementor-top-section elementor-element elementor-element-285f549e elementor-section-boxed elementor-section-height-default elementor-section-height-default\" data-id=\"285f549e\" data-element_type=\"section\">\n\t\t\t\t\t\t<div class=\"elementor-container elementor-column-gap-default\">\n\t\t\t\t\t<div class=\"elementor-column elementor-col-25 elementor-top-column elementor-element elementor-element-463ad9fe\" data-id=\"463ad9fe\" data-element_type=\"column\">\n\t\t\t<div class=\"elementor-widget-wrap\">\n\t\t\t\t\t\t\t\t\t<\/div>\n\t\t<\/div>\n\t\t\t\t<div class=\"elementor-column elementor-col-25 elementor-top-column elementor-element elementor-element-3f214c08\" data-id=\"3f214c08\" data-element_type=\"column\">\n\t\t\t<div class=\"elementor-widget-wrap elementor-element-populated\">\n\t\t\t\t\t\t\t\t<div class=\"elementor-element elementor-element-5be63449 elementor-widget-divider--view-line elementor-widget elementor-widget-divider\" data-id=\"5be63449\" data-element_type=\"widget\" data-widget_type=\"divider.default\">\n\t\t\t\t<div class=\"elementor-widget-container\">\n\t\t\t\t\t<div class=\"elementor-divider\">\n\t\t\t<span class=\"elementor-divider-separator\">\n\t\t\t\t\t\t<\/span>\n\t\t<\/div>\n\t\t\t\t<\/div>\n\t\t\t\t<\/div>\n\t\t\t\t\t<\/div>\n\t\t<\/div>\n\t\t\t\t<div class=\"elementor-column elementor-col-25 elementor-top-column elementor-element elementor-element-1a9d1c15\" data-id=\"1a9d1c15\" data-element_type=\"column\">\n\t\t\t<div class=\"elementor-widget-wrap elementor-element-populated\">\n\t\t\t\t\t\t\t\t<div class=\"elementor-element elementor-element-6995336 e-transform elementor-widget elementor-widget-heading\" data-id=\"6995336\" data-element_type=\"widget\" data-settings=\"{&quot;_transform_scale_effect_hover&quot;:{&quot;unit&quot;:&quot;px&quot;,&quot;size&quot;:1.1,&quot;sizes&quot;:[]},&quot;_transform_scale_effect_hover_tablet&quot;:{&quot;unit&quot;:&quot;px&quot;,&quot;size&quot;:&quot;&quot;,&quot;sizes&quot;:[]},&quot;_transform_scale_effect_hover_mobile&quot;:{&quot;unit&quot;:&quot;px&quot;,&quot;size&quot;:&quot;&quot;,&quot;sizes&quot;:[]}}\" data-widget_type=\"heading.default\">\n\t\t\t\t<div class=\"elementor-widget-container\">\n\t\t\t<span class=\"elementor-heading-title elementor-size-large\"><a href=\"https:\/\/novosite.crefito4.gov.br\/site\/clube-de-vantagens\/\">Confira as outras empresas participantes do Clube de Vantagens<\/a><\/span>\t\t<\/div>\n\t\t\t\t<\/div>\n\t\t\t\t\t<\/div>\n\t\t<\/div>\n\t\t\t\t<div class=\"elementor-column elementor-col-25 elementor-top-column elementor-element elementor-element-30865bb2\" data-id=\"30865bb2\" data-element_type=\"column\">\n\t\t\t<div class=\"elementor-widget-wrap\">\n\t\t\t\t\t\t\t\t\t<\/div>\n\t\t<\/div>\n\t\t\t\t\t\t\t<\/div>\n\t\t<\/section>\n\t\t\t\t\t\t\t<\/div>\n\t\t","protected":false},"excerpt":{"rendered":"<p>Clube de Vantagens MIMULUS ESCOLA DE DAN\u00c7A\u00a0 Escola de dan\u00e7a Telefones: (31) 3295-5213 | (31) 99645-4367 (Whatsapp)\u00a0 Site: www.mimulus.com.br\u00a0 Endere\u00e7o: Rua Ituiutaba, 325 \u2013 Prado | Belo horizonte\u00a0 Benef\u00edcios: concess\u00e3o de 10% de desconto, na mensalidade de aulas presenciais em grupo e workshops, sobre o pre\u00e7o da tabela praticada e [&hellip;]<\/p>\n","protected":false},"author":2,"featured_media":0,"parent":0,"menu_order":0,"comment_status":"closed","ping_status":"closed","template":"page-templates\/template-pagebuilder-full-width.php","meta":{"footnotes":""},"class_list":["post-94696","page","type-page","status-publish","hentry"],"_links":{"self":[{"href":"https:\/\/novosite.crefito4.gov.br\/site\/wp-json\/wp\/v2\/pages\/94696","targetHints":{"allow":["GET"]}}],"collection":[{"href":"https:\/\/novosite.crefito4.gov.br\/site\/wp-json\/wp\/v2\/pages"}],"about":[{"href":"https:\/\/novosite.crefito4.gov.br\/site\/wp-json\/wp\/v2\/types\/page"}],"author":[{"embeddable":true,"href":"https:\/\/novosite.crefito4.gov.br\/site\/wp-json\/wp\/v2\/users\/2"}],"replies":[{"embeddable":true,"href":"https:\/\/novosite.crefito4.gov.br\/site\/wp-json\/wp\/v2\/comments?post=94696"}],"version-history":[{"count":8,"href":"https:\/\/novosite.crefito4.gov.br\/site\/wp-json\/wp\/v2\/pages\/94696\/revisions"}],"predecessor-version":[{"id":95574,"href":"https:\/\/novosite.crefito4.gov.br\/site\/wp-json\/wp\/v2\/pages\/94696\/revisions\/95574"}],"wp:attachment":[{"href":"https:\/\/novosite.crefito4.gov.br\/site\/wp-json\/wp\/v2\/media?parent=94696"}],"curies":[{"name":"wp","href":"https:\/\/api.w.org\/{rel}","templated":true}]}}