{"id":94742,"date":"2023-08-14T16:30:24","date_gmt":"2023-08-14T19:30:24","guid":{"rendered":"https:\/\/novosite.crefito4.gov.br\/site\/?page_id=94742"},"modified":"2023-09-19T11:27:00","modified_gmt":"2023-09-19T14:27:00","slug":"dog-life","status":"publish","type":"page","link":"https:\/\/novosite.crefito4.gov.br\/site\/dog-life\/","title":{"rendered":"Dog Life"},"content":{"rendered":"\t\t<div data-elementor-type=\"wp-page\" data-elementor-id=\"94742\" class=\"elementor elementor-94742\">\n\t\t\t\t\t\t\t\t\t<section class=\"elementor-section elementor-top-section elementor-element elementor-element-178ceee1 elementor-section-boxed elementor-section-height-default elementor-section-height-default\" data-id=\"178ceee1\" data-element_type=\"section\">\n\t\t\t\t\t\t<div class=\"elementor-container elementor-column-gap-default\">\n\t\t\t\t\t<div class=\"elementor-column elementor-col-100 elementor-top-column elementor-element elementor-element-1ef43dae\" data-id=\"1ef43dae\" data-element_type=\"column\">\n\t\t\t<div class=\"elementor-widget-wrap elementor-element-populated\">\n\t\t\t\t\t\t\t\t<div class=\"elementor-element elementor-element-3cc5d429 elementor--h-position-center elementor--v-position-middle elementor-arrows-position-inside elementor-pagination-position-inside elementor-widget elementor-widget-slides\" data-id=\"3cc5d429\" data-element_type=\"widget\" data-settings=\"{&quot;navigation&quot;:&quot;both&quot;,&quot;autoplay&quot;:&quot;yes&quot;,&quot;pause_on_hover&quot;:&quot;yes&quot;,&quot;pause_on_interaction&quot;:&quot;yes&quot;,&quot;autoplay_speed&quot;:5000,&quot;infinite&quot;:&quot;yes&quot;,&quot;transition&quot;:&quot;slide&quot;,&quot;transition_speed&quot;:500}\" data-widget_type=\"slides.default\">\n\t\t\t\t<div class=\"elementor-widget-container\">\n\t\t\t\t\t<div class=\"elementor-swiper\">\n\t\t\t<div class=\"elementor-slides-wrapper elementor-main-swiper swiper-container\" dir=\"ltr\" data-animation=\"fadeInUp\">\n\t\t\t\t<div class=\"swiper-wrapper elementor-slides\">\n\t\t\t\t\t\t\t\t\t\t<div class=\"elementor-repeater-item-a1253b4 swiper-slide\"><div class=\"swiper-slide-bg\"><\/div><div class=\"swiper-slide-inner\" ><div class=\"swiper-slide-contents\"><\/div><\/div><\/div>\t\t\t\t<\/div>\n\t\t\t\t\t\t\t<\/div>\n\t\t<\/div>\n\t\t\t\t<\/div>\n\t\t\t\t<\/div>\n\t\t\t\t\t<\/div>\n\t\t<\/div>\n\t\t\t\t\t\t\t<\/div>\n\t\t<\/section>\n\t\t\t\t<section class=\"elementor-section elementor-top-section elementor-element elementor-element-44acbe6d elementor-section-boxed elementor-section-height-default elementor-section-height-default\" data-id=\"44acbe6d\" data-element_type=\"section\">\n\t\t\t\t\t\t<div class=\"elementor-container elementor-column-gap-default\">\n\t\t\t\t\t<div class=\"elementor-column elementor-col-25 elementor-top-column elementor-element elementor-element-16a55b61\" data-id=\"16a55b61\" data-element_type=\"column\">\n\t\t\t<div class=\"elementor-widget-wrap\">\n\t\t\t\t\t\t\t\t\t<\/div>\n\t\t<\/div>\n\t\t\t\t<div class=\"elementor-column elementor-col-50 elementor-top-column elementor-element elementor-element-3a83b874\" data-id=\"3a83b874\" data-element_type=\"column\">\n\t\t\t<div class=\"elementor-widget-wrap elementor-element-populated\">\n\t\t\t\t\t\t\t\t<div class=\"elementor-element elementor-element-37c85b10 elementor-widget elementor-widget-heading\" data-id=\"37c85b10\" data-element_type=\"widget\" data-widget_type=\"heading.default\">\n\t\t\t\t<div class=\"elementor-widget-container\">\n\t\t\t<p class=\"elementor-heading-title elementor-size-default\">Clube de Vantagens<\/p>\t\t<\/div>\n\t\t\t\t<\/div>\n\t\t\t\t\t<\/div>\n\t\t<\/div>\n\t\t\t\t<div class=\"elementor-column elementor-col-25 elementor-top-column elementor-element elementor-element-4abaa30\" data-id=\"4abaa30\" data-element_type=\"column\">\n\t\t\t<div class=\"elementor-widget-wrap\">\n\t\t\t\t\t\t\t\t\t<\/div>\n\t\t<\/div>\n\t\t\t\t\t\t\t<\/div>\n\t\t<\/section>\n\t\t\t\t<section class=\"elementor-section elementor-top-section elementor-element elementor-element-26dbb603 elementor-section-boxed elementor-section-height-default elementor-section-height-default\" data-id=\"26dbb603\" data-element_type=\"section\">\n\t\t\t\t\t\t<div class=\"elementor-container elementor-column-gap-default\">\n\t\t\t\t\t<div class=\"elementor-column elementor-col-20 elementor-top-column elementor-element elementor-element-369dfc4b\" data-id=\"369dfc4b\" data-element_type=\"column\">\n\t\t\t<div class=\"elementor-widget-wrap\">\n\t\t\t\t\t\t\t\t\t<\/div>\n\t\t<\/div>\n\t\t\t\t<div class=\"elementor-column elementor-col-20 elementor-top-column elementor-element elementor-element-77b16973\" data-id=\"77b16973\" data-element_type=\"column\">\n\t\t\t<div class=\"elementor-widget-wrap elementor-element-populated\">\n\t\t\t\t\t\t\t\t<div class=\"elementor-element elementor-element-4129968b elementor-widget elementor-widget-text-editor\" data-id=\"4129968b\" data-element_type=\"widget\" data-widget_type=\"text-editor.default\">\n\t\t\t\t<div class=\"elementor-widget-container\">\n\t\t\t\t\t\t\t<p align=\"justify\"><span style=\"color: #0a743a;\"><b>DOG LIFE<\/b><\/span><\/p>\n<p class=\"p1\">Plano de sa\u00fade para pets<span class=\"Apple-converted-space\">\u00a0<\/span><\/br>\n\nTelefones:\n<strong>(11) 3181-9933<span class=\"Apple-converted-space\">\u00a0<\/span><\/strong><\/br>\n\nSite:\n<a href=\"http:\/\/www.doglife.com.br\" target=\"_blank\" rel=\"noopener\"><strong>www.doglife.com.br<span class=\"Apple-converted-space\">\u00a0<\/span><\/strong><\/a><\/br>\n\nE-mail:\n<strong>comercial@doglife.com.br<\/strong><span class=\"Apple-converted-space\">\u00a0<\/span><\/br>\t\t\t\t\t\t<\/div>\n\t\t\t\t<\/div>\n\t\t\t\t\t<\/div>\n\t\t<\/div>\n\t\t\t\t<div class=\"elementor-column elementor-col-20 elementor-top-column elementor-element elementor-element-3275dc6c\" data-id=\"3275dc6c\" data-element_type=\"column\">\n\t\t\t<div class=\"elementor-widget-wrap\">\n\t\t\t\t\t\t\t\t\t<\/div>\n\t\t<\/div>\n\t\t\t\t<div class=\"elementor-column elementor-col-20 elementor-top-column elementor-element elementor-element-5720f26e\" data-id=\"5720f26e\" data-element_type=\"column\">\n\t\t\t<div class=\"elementor-widget-wrap elementor-element-populated\">\n\t\t\t\t\t\t\t\t<div class=\"elementor-element elementor-element-36d8fbde elementor-widget elementor-widget-image\" data-id=\"36d8fbde\" data-element_type=\"widget\" data-widget_type=\"image.default\">\n\t\t\t\t<div class=\"elementor-widget-container\">\n\t\t\t\t\t\t\t\t\t\t\t\t\t\t\t\t<a href=\"https:\/\/www.youtube.com\/c\/TVCREFITO4\" target=\"_blank\">\n\t\t\t\t\t\t\t<img loading=\"lazy\" decoding=\"async\" width=\"605\" height=\"182\" src=\"https:\/\/novosite.crefito4.gov.br\/site\/wp-content\/uploads\/2023\/01\/tv-crefito4.png\" class=\"elementor-animation-bounce-in attachment-large size-large wp-image-1473\" alt=\"\" srcset=\"https:\/\/novosite.crefito4.gov.br\/site\/wp-content\/uploads\/2023\/01\/tv-crefito4.png 605w, https:\/\/novosite.crefito4.gov.br\/site\/wp-content\/uploads\/2023\/01\/tv-crefito4-300x90.png 300w\" sizes=\"auto, (max-width: 605px) 100vw, 605px\" \/>\t\t\t\t\t\t\t\t<\/a>\n\t\t\t\t\t\t\t\t\t\t\t\t\t\t\t<\/div>\n\t\t\t\t<\/div>\n\t\t\t\t<div class=\"elementor-element elementor-element-6fc7a760 elementor-widget elementor-widget-image\" data-id=\"6fc7a760\" data-element_type=\"widget\" data-widget_type=\"image.default\">\n\t\t\t\t<div class=\"elementor-widget-container\">\n\t\t\t\t\t\t\t\t\t\t\t\t\t\t\t\t<a href=\"https:\/\/novosite.crefito4.gov.br\/site\/calendario-das-atividades-institucionais\/\">\n\t\t\t\t\t\t\t<img loading=\"lazy\" decoding=\"async\" width=\"605\" height=\"162\" src=\"https:\/\/novosite.crefito4.gov.br\/site\/wp-content\/uploads\/2023\/05\/btn-calendario.png\" class=\"elementor-animation-bounce-in attachment-large size-large wp-image-2824\" alt=\"\" srcset=\"https:\/\/novosite.crefito4.gov.br\/site\/wp-content\/uploads\/2023\/05\/btn-calendario.png 605w, https:\/\/novosite.crefito4.gov.br\/site\/wp-content\/uploads\/2023\/05\/btn-calendario-300x80.png 300w\" sizes=\"auto, (max-width: 605px) 100vw, 605px\" \/>\t\t\t\t\t\t\t\t<\/a>\n\t\t\t\t\t\t\t\t\t\t\t\t\t\t\t<\/div>\n\t\t\t\t<\/div>\n\t\t\t\t<div class=\"elementor-element elementor-element-2aeb6cc9 elementor-widget elementor-widget-image\" data-id=\"2aeb6cc9\" data-element_type=\"widget\" data-widget_type=\"image.default\">\n\t\t\t\t<div class=\"elementor-widget-container\">\n\t\t\t\t\t\t\t\t\t\t\t\t\t\t\t\t<a href=\"https:\/\/novosite.crefito4.gov.br\/site\/cartilhas-2\/\">\n\t\t\t\t\t\t\t<img loading=\"lazy\" decoding=\"async\" width=\"707\" height=\"178\" src=\"https:\/\/novosite.crefito4.gov.br\/site\/wp-content\/uploads\/2023\/03\/botao-cartilha.png\" class=\"elementor-animation-bounce-in attachment-large size-large wp-image-2328\" alt=\"\" srcset=\"https:\/\/novosite.crefito4.gov.br\/site\/wp-content\/uploads\/2023\/03\/botao-cartilha.png 707w, https:\/\/novosite.crefito4.gov.br\/site\/wp-content\/uploads\/2023\/03\/botao-cartilha-300x76.png 300w\" sizes=\"auto, (max-width: 707px) 100vw, 707px\" \/>\t\t\t\t\t\t\t\t<\/a>\n\t\t\t\t\t\t\t\t\t\t\t\t\t\t\t<\/div>\n\t\t\t\t<\/div>\n\t\t\t\t<div class=\"elementor-element elementor-element-6dd6934 elementor-widget elementor-widget-image\" data-id=\"6dd6934\" data-element_type=\"widget\" data-widget_type=\"image.default\">\n\t\t\t\t<div class=\"elementor-widget-container\">\n\t\t\t\t\t\t\t\t\t\t\t\t\t\t\t\t<a href=\"https:\/\/crefito-mg.implanta.net.br\/portaltransparencia\/#publico\/inicio\" target=\"_blank\">\n\t\t\t\t\t\t\t<img loading=\"lazy\" decoding=\"async\" width=\"605\" height=\"170\" src=\"https:\/\/novosite.crefito4.gov.br\/site\/wp-content\/uploads\/2023\/05\/btn-transparencia.png\" class=\"elementor-animation-bounce-in attachment-large size-large wp-image-2838\" alt=\"\" srcset=\"https:\/\/novosite.crefito4.gov.br\/site\/wp-content\/uploads\/2023\/05\/btn-transparencia.png 605w, https:\/\/novosite.crefito4.gov.br\/site\/wp-content\/uploads\/2023\/05\/btn-transparencia-300x84.png 300w\" sizes=\"auto, (max-width: 605px) 100vw, 605px\" \/>\t\t\t\t\t\t\t\t<\/a>\n\t\t\t\t\t\t\t\t\t\t\t\t\t\t\t<\/div>\n\t\t\t\t<\/div>\n\t\t\t\t\t<\/div>\n\t\t<\/div>\n\t\t\t\t<div class=\"elementor-column elementor-col-20 elementor-top-column elementor-element elementor-element-6cd5afe2\" data-id=\"6cd5afe2\" data-element_type=\"column\">\n\t\t\t<div class=\"elementor-widget-wrap\">\n\t\t\t\t\t\t\t\t\t<\/div>\n\t\t<\/div>\n\t\t\t\t\t\t\t<\/div>\n\t\t<\/section>\n\t\t\t\t<section class=\"elementor-section elementor-top-section elementor-element elementor-element-61c4d968 elementor-section-boxed elementor-section-height-default elementor-section-height-default\" data-id=\"61c4d968\" data-element_type=\"section\">\n\t\t\t\t\t\t<div class=\"elementor-container elementor-column-gap-default\">\n\t\t\t\t\t<div class=\"elementor-column elementor-col-33 elementor-top-column elementor-element elementor-element-21a6d78e\" data-id=\"21a6d78e\" data-element_type=\"column\">\n\t\t\t<div class=\"elementor-widget-wrap\">\n\t\t\t\t\t\t\t\t\t<\/div>\n\t\t<\/div>\n\t\t\t\t<div class=\"elementor-column elementor-col-33 elementor-top-column elementor-element elementor-element-1c8fa11e\" data-id=\"1c8fa11e\" data-element_type=\"column\">\n\t\t\t<div class=\"elementor-widget-wrap elementor-element-populated\">\n\t\t\t\t\t\t\t\t<div class=\"elementor-element elementor-element-3758a906 elementor-widget elementor-widget-heading\" data-id=\"3758a906\" data-element_type=\"widget\" data-widget_type=\"heading.default\">\n\t\t\t\t<div class=\"elementor-widget-container\">\n\t\t\t<h2 class=\"elementor-heading-title elementor-size-default\"><a href=\"http:\/\/www.doglife.com.br\" target=\"_blank\">Benef\u00edcios: desconto de 10% sobre os valores de planos de sa\u00fade para pet, c\u00e3es e gatos, divulgados no site www.doglife.com.br, quais sejam Pet Start com car\u00eancia; Pet Start sem car\u00eancia; Pet Essential com car\u00eancia; Pet Essential sem car\u00eancia; Pet Max com car\u00eancia.<\/a><\/h2>\t\t<\/div>\n\t\t\t\t<\/div>\n\t\t\t\t\t<\/div>\n\t\t<\/div>\n\t\t\t\t<div class=\"elementor-column elementor-col-33 elementor-top-column elementor-element elementor-element-2714aedc\" data-id=\"2714aedc\" data-element_type=\"column\">\n\t\t\t<div class=\"elementor-widget-wrap\">\n\t\t\t\t\t\t\t\t\t<\/div>\n\t\t<\/div>\n\t\t\t\t\t\t\t<\/div>\n\t\t<\/section>\n\t\t\t\t<section class=\"elementor-section elementor-top-section elementor-element elementor-element-35c719c elementor-section-boxed elementor-section-height-default elementor-section-height-default\" data-id=\"35c719c\" data-element_type=\"section\">\n\t\t\t\t\t\t<div class=\"elementor-container elementor-column-gap-default\">\n\t\t\t\t\t<div class=\"elementor-column elementor-col-33 elementor-top-column elementor-element elementor-element-687506e2\" data-id=\"687506e2\" data-element_type=\"column\">\n\t\t\t<div class=\"elementor-widget-wrap\">\n\t\t\t\t\t\t\t\t\t<\/div>\n\t\t<\/div>\n\t\t\t\t<div class=\"elementor-column elementor-col-33 elementor-top-column elementor-element elementor-element-3e9faf30\" data-id=\"3e9faf30\" data-element_type=\"column\">\n\t\t\t<div class=\"elementor-widget-wrap elementor-element-populated\">\n\t\t\t\t\t\t\t\t<div class=\"elementor-element elementor-element-11b107e8 elementor-widget-divider--view-line elementor-widget elementor-widget-divider\" data-id=\"11b107e8\" data-element_type=\"widget\" data-widget_type=\"divider.default\">\n\t\t\t\t<div class=\"elementor-widget-container\">\n\t\t\t\t\t<div class=\"elementor-divider\">\n\t\t\t<span class=\"elementor-divider-separator\">\n\t\t\t\t\t\t<\/span>\n\t\t<\/div>\n\t\t\t\t<\/div>\n\t\t\t\t<\/div>\n\t\t\t\t\t<\/div>\n\t\t<\/div>\n\t\t\t\t<div class=\"elementor-column elementor-col-33 elementor-top-column elementor-element elementor-element-79c71156\" data-id=\"79c71156\" data-element_type=\"column\">\n\t\t\t<div class=\"elementor-widget-wrap\">\n\t\t\t\t\t\t\t\t\t<\/div>\n\t\t<\/div>\n\t\t\t\t\t\t\t<\/div>\n\t\t<\/section>\n\t\t\t\t<section class=\"elementor-section elementor-top-section elementor-element elementor-element-2602fb5c elementor-section-boxed elementor-section-height-default elementor-section-height-default\" data-id=\"2602fb5c\" data-element_type=\"section\">\n\t\t\t\t\t\t<div class=\"elementor-container elementor-column-gap-default\">\n\t\t\t\t\t<div class=\"elementor-column elementor-col-25 elementor-top-column elementor-element elementor-element-9ac02dd\" data-id=\"9ac02dd\" data-element_type=\"column\">\n\t\t\t<div class=\"elementor-widget-wrap\">\n\t\t\t\t\t\t\t\t\t<\/div>\n\t\t<\/div>\n\t\t\t\t<div class=\"elementor-column elementor-col-25 elementor-top-column elementor-element elementor-element-121d9842\" data-id=\"121d9842\" data-element_type=\"column\">\n\t\t\t<div class=\"elementor-widget-wrap elementor-element-populated\">\n\t\t\t\t\t\t\t\t<div class=\"elementor-element elementor-element-2cab952f elementor-widget-divider--view-line elementor-widget elementor-widget-divider\" data-id=\"2cab952f\" data-element_type=\"widget\" data-widget_type=\"divider.default\">\n\t\t\t\t<div class=\"elementor-widget-container\">\n\t\t\t\t\t<div class=\"elementor-divider\">\n\t\t\t<span class=\"elementor-divider-separator\">\n\t\t\t\t\t\t<\/span>\n\t\t<\/div>\n\t\t\t\t<\/div>\n\t\t\t\t<\/div>\n\t\t\t\t\t<\/div>\n\t\t<\/div>\n\t\t\t\t<div class=\"elementor-column elementor-col-25 elementor-top-column elementor-element elementor-element-21e2babb\" data-id=\"21e2babb\" data-element_type=\"column\">\n\t\t\t<div class=\"elementor-widget-wrap elementor-element-populated\">\n\t\t\t\t\t\t\t\t<div class=\"elementor-element elementor-element-223293d3 e-transform elementor-widget elementor-widget-heading\" data-id=\"223293d3\" data-element_type=\"widget\" data-settings=\"{&quot;_transform_scale_effect_hover&quot;:{&quot;unit&quot;:&quot;px&quot;,&quot;size&quot;:1.1,&quot;sizes&quot;:[]},&quot;_transform_scale_effect_hover_tablet&quot;:{&quot;unit&quot;:&quot;px&quot;,&quot;size&quot;:&quot;&quot;,&quot;sizes&quot;:[]},&quot;_transform_scale_effect_hover_mobile&quot;:{&quot;unit&quot;:&quot;px&quot;,&quot;size&quot;:&quot;&quot;,&quot;sizes&quot;:[]}}\" data-widget_type=\"heading.default\">\n\t\t\t\t<div class=\"elementor-widget-container\">\n\t\t\t<span class=\"elementor-heading-title elementor-size-large\"><a href=\"https:\/\/novosite.crefito4.gov.br\/site\/clube-de-vantagens\/\">Confira as outras empresas participantes do Clube de Vantagens<\/a><\/span>\t\t<\/div>\n\t\t\t\t<\/div>\n\t\t\t\t\t<\/div>\n\t\t<\/div>\n\t\t\t\t<div class=\"elementor-column elementor-col-25 elementor-top-column elementor-element elementor-element-532788c5\" data-id=\"532788c5\" data-element_type=\"column\">\n\t\t\t<div class=\"elementor-widget-wrap\">\n\t\t\t\t\t\t\t\t\t<\/div>\n\t\t<\/div>\n\t\t\t\t\t\t\t<\/div>\n\t\t<\/section>\n\t\t\t\t\t\t\t<\/div>\n\t\t","protected":false},"excerpt":{"rendered":"<p>Clube de Vantagens DOG LIFE Plano de sa\u00fade para pets\u00a0 Telefones: (11) 3181-9933\u00a0 Site: www.doglife.com.br\u00a0 E-mail: comercial@doglife.com.br\u00a0 Benef\u00edcios: desconto de 10% sobre os valores de planos de sa\u00fade para pet, c\u00e3es e gatos, divulgados no site www.doglife.com.br, quais sejam Pet Start com car\u00eancia; Pet Start sem car\u00eancia; Pet Essential com [&hellip;]<\/p>\n","protected":false},"author":2,"featured_media":0,"parent":0,"menu_order":0,"comment_status":"closed","ping_status":"closed","template":"page-templates\/template-pagebuilder-full-width.php","meta":{"footnotes":""},"class_list":["post-94742","page","type-page","status-publish","hentry"],"_links":{"self":[{"href":"https:\/\/novosite.crefito4.gov.br\/site\/wp-json\/wp\/v2\/pages\/94742","targetHints":{"allow":["GET"]}}],"collection":[{"href":"https:\/\/novosite.crefito4.gov.br\/site\/wp-json\/wp\/v2\/pages"}],"about":[{"href":"https:\/\/novosite.crefito4.gov.br\/site\/wp-json\/wp\/v2\/types\/page"}],"author":[{"embeddable":true,"href":"https:\/\/novosite.crefito4.gov.br\/site\/wp-json\/wp\/v2\/users\/2"}],"replies":[{"embeddable":true,"href":"https:\/\/novosite.crefito4.gov.br\/site\/wp-json\/wp\/v2\/comments?post=94742"}],"version-history":[{"count":8,"href":"https:\/\/novosite.crefito4.gov.br\/site\/wp-json\/wp\/v2\/pages\/94742\/revisions"}],"predecessor-version":[{"id":95550,"href":"https:\/\/novosite.crefito4.gov.br\/site\/wp-json\/wp\/v2\/pages\/94742\/revisions\/95550"}],"wp:attachment":[{"href":"https:\/\/novosite.crefito4.gov.br\/site\/wp-json\/wp\/v2\/media?parent=94742"}],"curies":[{"name":"wp","href":"https:\/\/api.w.org\/{rel}","templated":true}]}}