{"id":94751,"date":"2023-08-16T08:59:15","date_gmt":"2023-08-16T11:59:15","guid":{"rendered":"https:\/\/novosite.crefito4.gov.br\/site\/?page_id=94751"},"modified":"2023-09-19T12:13:49","modified_gmt":"2023-09-19T15:13:49","slug":"senhor-contabil","status":"publish","type":"page","link":"https:\/\/novosite.crefito4.gov.br\/site\/senhor-contabil\/","title":{"rendered":"Senhor Cont\u00e1bil"},"content":{"rendered":"\t\t<div data-elementor-type=\"wp-page\" data-elementor-id=\"94751\" class=\"elementor elementor-94751\">\n\t\t\t\t\t\t\t\t\t<section class=\"elementor-section elementor-top-section elementor-element elementor-element-49b5bc33 elementor-section-boxed elementor-section-height-default elementor-section-height-default\" data-id=\"49b5bc33\" data-element_type=\"section\">\n\t\t\t\t\t\t<div class=\"elementor-container elementor-column-gap-default\">\n\t\t\t\t\t<div class=\"elementor-column elementor-col-100 elementor-top-column elementor-element elementor-element-64e30832\" data-id=\"64e30832\" data-element_type=\"column\">\n\t\t\t<div class=\"elementor-widget-wrap elementor-element-populated\">\n\t\t\t\t\t\t\t\t<div class=\"elementor-element elementor-element-1d47fe37 elementor--h-position-center elementor--v-position-middle elementor-arrows-position-inside elementor-pagination-position-inside elementor-widget elementor-widget-slides\" data-id=\"1d47fe37\" data-element_type=\"widget\" data-settings=\"{&quot;navigation&quot;:&quot;both&quot;,&quot;autoplay&quot;:&quot;yes&quot;,&quot;pause_on_hover&quot;:&quot;yes&quot;,&quot;pause_on_interaction&quot;:&quot;yes&quot;,&quot;autoplay_speed&quot;:5000,&quot;infinite&quot;:&quot;yes&quot;,&quot;transition&quot;:&quot;slide&quot;,&quot;transition_speed&quot;:500}\" data-widget_type=\"slides.default\">\n\t\t\t\t<div class=\"elementor-widget-container\">\n\t\t\t\t\t<div class=\"elementor-swiper\">\n\t\t\t<div class=\"elementor-slides-wrapper elementor-main-swiper swiper-container\" dir=\"ltr\" data-animation=\"fadeInUp\">\n\t\t\t\t<div class=\"swiper-wrapper elementor-slides\">\n\t\t\t\t\t\t\t\t\t\t<div class=\"elementor-repeater-item-a1253b4 swiper-slide\"><div class=\"swiper-slide-bg\"><\/div><div class=\"swiper-slide-inner\" ><div class=\"swiper-slide-contents\"><\/div><\/div><\/div>\t\t\t\t<\/div>\n\t\t\t\t\t\t\t<\/div>\n\t\t<\/div>\n\t\t\t\t<\/div>\n\t\t\t\t<\/div>\n\t\t\t\t\t<\/div>\n\t\t<\/div>\n\t\t\t\t\t\t\t<\/div>\n\t\t<\/section>\n\t\t\t\t<section class=\"elementor-section elementor-top-section elementor-element elementor-element-1b94da73 elementor-section-boxed elementor-section-height-default elementor-section-height-default\" data-id=\"1b94da73\" data-element_type=\"section\">\n\t\t\t\t\t\t<div class=\"elementor-container elementor-column-gap-default\">\n\t\t\t\t\t<div class=\"elementor-column elementor-col-25 elementor-top-column elementor-element elementor-element-6b37e537\" data-id=\"6b37e537\" data-element_type=\"column\">\n\t\t\t<div class=\"elementor-widget-wrap\">\n\t\t\t\t\t\t\t\t\t<\/div>\n\t\t<\/div>\n\t\t\t\t<div class=\"elementor-column elementor-col-50 elementor-top-column elementor-element elementor-element-31d2ed81\" data-id=\"31d2ed81\" data-element_type=\"column\">\n\t\t\t<div class=\"elementor-widget-wrap elementor-element-populated\">\n\t\t\t\t\t\t\t\t<div class=\"elementor-element elementor-element-4a2b6e58 elementor-widget elementor-widget-heading\" data-id=\"4a2b6e58\" data-element_type=\"widget\" data-widget_type=\"heading.default\">\n\t\t\t\t<div class=\"elementor-widget-container\">\n\t\t\t<p class=\"elementor-heading-title elementor-size-default\">Clube de Vantagens<\/p>\t\t<\/div>\n\t\t\t\t<\/div>\n\t\t\t\t\t<\/div>\n\t\t<\/div>\n\t\t\t\t<div class=\"elementor-column elementor-col-25 elementor-top-column elementor-element elementor-element-36579ea7\" data-id=\"36579ea7\" data-element_type=\"column\">\n\t\t\t<div class=\"elementor-widget-wrap\">\n\t\t\t\t\t\t\t\t\t<\/div>\n\t\t<\/div>\n\t\t\t\t\t\t\t<\/div>\n\t\t<\/section>\n\t\t\t\t<section class=\"elementor-section elementor-top-section elementor-element elementor-element-6646c0bc elementor-section-boxed elementor-section-height-default elementor-section-height-default\" data-id=\"6646c0bc\" data-element_type=\"section\">\n\t\t\t\t\t\t<div class=\"elementor-container elementor-column-gap-default\">\n\t\t\t\t\t<div class=\"elementor-column elementor-col-20 elementor-top-column elementor-element elementor-element-265fa4cd\" data-id=\"265fa4cd\" data-element_type=\"column\">\n\t\t\t<div class=\"elementor-widget-wrap\">\n\t\t\t\t\t\t\t\t\t<\/div>\n\t\t<\/div>\n\t\t\t\t<div class=\"elementor-column elementor-col-20 elementor-top-column elementor-element elementor-element-2dc12e17\" data-id=\"2dc12e17\" data-element_type=\"column\">\n\t\t\t<div class=\"elementor-widget-wrap elementor-element-populated\">\n\t\t\t\t\t\t\t\t<div class=\"elementor-element elementor-element-613e3888 elementor-widget elementor-widget-text-editor\" data-id=\"613e3888\" data-element_type=\"widget\" data-widget_type=\"text-editor.default\">\n\t\t\t\t<div class=\"elementor-widget-container\">\n\t\t\t\t\t\t\t<p align=\"justify\"><span style=\"color: #0a743a;\"><b>SENHOR CONT\u00c1BIL<\/b><\/span><\/p>\nEscola de Idiomas\nTelefones:\n<b>(19) 99679-7725<\/b><span class=\"Apple-converted-space\">\u00a0<\/span><\/br>\n\nSite: <a href=\"https:\/\/senhorcontabil.com.br\/\" target=\"_blank\" rel=\"noopener\"><strong>https:\/\/senhorcontabil.com.br\/<\/strong><\/a><\/br>\nE-mail:\n<strong>emilly.santos@senhorcontabil.com.br<\/strong><\/p>\t\t\t\t\t\t<\/div>\n\t\t\t\t<\/div>\n\t\t\t\t\t<\/div>\n\t\t<\/div>\n\t\t\t\t<div class=\"elementor-column elementor-col-20 elementor-top-column elementor-element elementor-element-27b428a\" data-id=\"27b428a\" data-element_type=\"column\">\n\t\t\t<div class=\"elementor-widget-wrap\">\n\t\t\t\t\t\t\t\t\t<\/div>\n\t\t<\/div>\n\t\t\t\t<div class=\"elementor-column elementor-col-20 elementor-top-column elementor-element elementor-element-15cb9016\" data-id=\"15cb9016\" data-element_type=\"column\">\n\t\t\t<div class=\"elementor-widget-wrap elementor-element-populated\">\n\t\t\t\t\t\t\t\t<div class=\"elementor-element elementor-element-58cb84da elementor-widget elementor-widget-image\" data-id=\"58cb84da\" data-element_type=\"widget\" data-widget_type=\"image.default\">\n\t\t\t\t<div class=\"elementor-widget-container\">\n\t\t\t\t\t\t\t\t\t\t\t\t\t\t\t\t<a href=\"https:\/\/www.youtube.com\/c\/TVCREFITO4\" target=\"_blank\">\n\t\t\t\t\t\t\t<img loading=\"lazy\" decoding=\"async\" width=\"605\" height=\"182\" src=\"https:\/\/novosite.crefito4.gov.br\/site\/wp-content\/uploads\/2023\/01\/tv-crefito4.png\" class=\"elementor-animation-bounce-in attachment-large size-large wp-image-1473\" alt=\"\" srcset=\"https:\/\/novosite.crefito4.gov.br\/site\/wp-content\/uploads\/2023\/01\/tv-crefito4.png 605w, https:\/\/novosite.crefito4.gov.br\/site\/wp-content\/uploads\/2023\/01\/tv-crefito4-300x90.png 300w\" sizes=\"auto, (max-width: 605px) 100vw, 605px\" \/>\t\t\t\t\t\t\t\t<\/a>\n\t\t\t\t\t\t\t\t\t\t\t\t\t\t\t<\/div>\n\t\t\t\t<\/div>\n\t\t\t\t<div class=\"elementor-element elementor-element-287a428 elementor-widget elementor-widget-image\" data-id=\"287a428\" data-element_type=\"widget\" data-widget_type=\"image.default\">\n\t\t\t\t<div class=\"elementor-widget-container\">\n\t\t\t\t\t\t\t\t\t\t\t\t\t\t\t\t<a href=\"https:\/\/novosite.crefito4.gov.br\/site\/calendario-das-atividades-institucionais\/\">\n\t\t\t\t\t\t\t<img loading=\"lazy\" decoding=\"async\" width=\"605\" height=\"162\" src=\"https:\/\/novosite.crefito4.gov.br\/site\/wp-content\/uploads\/2023\/05\/btn-calendario.png\" class=\"elementor-animation-bounce-in attachment-large size-large wp-image-2824\" alt=\"\" srcset=\"https:\/\/novosite.crefito4.gov.br\/site\/wp-content\/uploads\/2023\/05\/btn-calendario.png 605w, https:\/\/novosite.crefito4.gov.br\/site\/wp-content\/uploads\/2023\/05\/btn-calendario-300x80.png 300w\" sizes=\"auto, (max-width: 605px) 100vw, 605px\" \/>\t\t\t\t\t\t\t\t<\/a>\n\t\t\t\t\t\t\t\t\t\t\t\t\t\t\t<\/div>\n\t\t\t\t<\/div>\n\t\t\t\t<div class=\"elementor-element elementor-element-49d40149 elementor-widget elementor-widget-image\" data-id=\"49d40149\" data-element_type=\"widget\" data-widget_type=\"image.default\">\n\t\t\t\t<div class=\"elementor-widget-container\">\n\t\t\t\t\t\t\t\t\t\t\t\t\t\t\t\t<a href=\"https:\/\/novosite.crefito4.gov.br\/site\/cartilhas-2\/\">\n\t\t\t\t\t\t\t<img loading=\"lazy\" decoding=\"async\" width=\"707\" height=\"178\" src=\"https:\/\/novosite.crefito4.gov.br\/site\/wp-content\/uploads\/2023\/03\/botao-cartilha.png\" class=\"elementor-animation-bounce-in attachment-large size-large wp-image-2328\" alt=\"\" srcset=\"https:\/\/novosite.crefito4.gov.br\/site\/wp-content\/uploads\/2023\/03\/botao-cartilha.png 707w, https:\/\/novosite.crefito4.gov.br\/site\/wp-content\/uploads\/2023\/03\/botao-cartilha-300x76.png 300w\" sizes=\"auto, (max-width: 707px) 100vw, 707px\" \/>\t\t\t\t\t\t\t\t<\/a>\n\t\t\t\t\t\t\t\t\t\t\t\t\t\t\t<\/div>\n\t\t\t\t<\/div>\n\t\t\t\t<div class=\"elementor-element elementor-element-3ebddef5 elementor-widget elementor-widget-image\" data-id=\"3ebddef5\" data-element_type=\"widget\" data-widget_type=\"image.default\">\n\t\t\t\t<div class=\"elementor-widget-container\">\n\t\t\t\t\t\t\t\t\t\t\t\t\t\t\t\t<a href=\"https:\/\/crefito-mg.implanta.net.br\/portaltransparencia\/#publico\/inicio\" target=\"_blank\">\n\t\t\t\t\t\t\t<img loading=\"lazy\" decoding=\"async\" width=\"605\" height=\"170\" src=\"https:\/\/novosite.crefito4.gov.br\/site\/wp-content\/uploads\/2023\/05\/btn-transparencia.png\" class=\"elementor-animation-bounce-in attachment-large size-large wp-image-2838\" alt=\"\" srcset=\"https:\/\/novosite.crefito4.gov.br\/site\/wp-content\/uploads\/2023\/05\/btn-transparencia.png 605w, https:\/\/novosite.crefito4.gov.br\/site\/wp-content\/uploads\/2023\/05\/btn-transparencia-300x84.png 300w\" sizes=\"auto, (max-width: 605px) 100vw, 605px\" \/>\t\t\t\t\t\t\t\t<\/a>\n\t\t\t\t\t\t\t\t\t\t\t\t\t\t\t<\/div>\n\t\t\t\t<\/div>\n\t\t\t\t\t<\/div>\n\t\t<\/div>\n\t\t\t\t<div class=\"elementor-column elementor-col-20 elementor-top-column elementor-element elementor-element-7368e9f1\" data-id=\"7368e9f1\" data-element_type=\"column\">\n\t\t\t<div class=\"elementor-widget-wrap\">\n\t\t\t\t\t\t\t\t\t<\/div>\n\t\t<\/div>\n\t\t\t\t\t\t\t<\/div>\n\t\t<\/section>\n\t\t\t\t<section class=\"elementor-section elementor-top-section elementor-element elementor-element-21473b96 elementor-section-boxed elementor-section-height-default elementor-section-height-default\" data-id=\"21473b96\" data-element_type=\"section\">\n\t\t\t\t\t\t<div class=\"elementor-container elementor-column-gap-default\">\n\t\t\t\t\t<div class=\"elementor-column elementor-col-33 elementor-top-column elementor-element elementor-element-5b961520\" data-id=\"5b961520\" data-element_type=\"column\">\n\t\t\t<div class=\"elementor-widget-wrap\">\n\t\t\t\t\t\t\t\t\t<\/div>\n\t\t<\/div>\n\t\t\t\t<div class=\"elementor-column elementor-col-33 elementor-top-column elementor-element elementor-element-a42a96\" data-id=\"a42a96\" data-element_type=\"column\">\n\t\t\t<div class=\"elementor-widget-wrap elementor-element-populated\">\n\t\t\t\t\t\t\t\t<div class=\"elementor-element elementor-element-7f97a329 elementor-widget elementor-widget-heading\" data-id=\"7f97a329\" data-element_type=\"widget\" data-widget_type=\"heading.default\">\n\t\t\t\t<div class=\"elementor-widget-container\">\n\t\t\t<h2 class=\"elementor-heading-title elementor-size-default\">Benef\u00edcios: desconto de 30,6% sobre as mensalidades do plano b\u00e1sico para prestadores de servi\u00e7os e a concess\u00e3o\ngratuita de duas mensalidades, v\u00e1lidas ap\u00f3s ades\u00e3o.<\/h2>\t\t<\/div>\n\t\t\t\t<\/div>\n\t\t\t\t\t<\/div>\n\t\t<\/div>\n\t\t\t\t<div class=\"elementor-column elementor-col-33 elementor-top-column elementor-element elementor-element-1d863acf\" data-id=\"1d863acf\" data-element_type=\"column\">\n\t\t\t<div class=\"elementor-widget-wrap\">\n\t\t\t\t\t\t\t\t\t<\/div>\n\t\t<\/div>\n\t\t\t\t\t\t\t<\/div>\n\t\t<\/section>\n\t\t\t\t<section class=\"elementor-section elementor-top-section elementor-element elementor-element-6470417d elementor-section-boxed elementor-section-height-default elementor-section-height-default\" data-id=\"6470417d\" data-element_type=\"section\">\n\t\t\t\t\t\t<div class=\"elementor-container elementor-column-gap-default\">\n\t\t\t\t\t<div class=\"elementor-column elementor-col-33 elementor-top-column elementor-element elementor-element-76a0ef40\" data-id=\"76a0ef40\" data-element_type=\"column\">\n\t\t\t<div class=\"elementor-widget-wrap\">\n\t\t\t\t\t\t\t\t\t<\/div>\n\t\t<\/div>\n\t\t\t\t<div class=\"elementor-column elementor-col-33 elementor-top-column elementor-element elementor-element-69164ca3\" data-id=\"69164ca3\" data-element_type=\"column\">\n\t\t\t<div class=\"elementor-widget-wrap elementor-element-populated\">\n\t\t\t\t\t\t\t\t<div class=\"elementor-element elementor-element-7047a1d5 elementor-widget-divider--view-line elementor-widget elementor-widget-divider\" data-id=\"7047a1d5\" data-element_type=\"widget\" data-widget_type=\"divider.default\">\n\t\t\t\t<div class=\"elementor-widget-container\">\n\t\t\t\t\t<div class=\"elementor-divider\">\n\t\t\t<span class=\"elementor-divider-separator\">\n\t\t\t\t\t\t<\/span>\n\t\t<\/div>\n\t\t\t\t<\/div>\n\t\t\t\t<\/div>\n\t\t\t\t\t<\/div>\n\t\t<\/div>\n\t\t\t\t<div class=\"elementor-column elementor-col-33 elementor-top-column elementor-element elementor-element-5ed97f77\" data-id=\"5ed97f77\" data-element_type=\"column\">\n\t\t\t<div class=\"elementor-widget-wrap\">\n\t\t\t\t\t\t\t\t\t<\/div>\n\t\t<\/div>\n\t\t\t\t\t\t\t<\/div>\n\t\t<\/section>\n\t\t\t\t<section class=\"elementor-section elementor-top-section elementor-element elementor-element-2c9428e5 elementor-section-boxed elementor-section-height-default elementor-section-height-default\" data-id=\"2c9428e5\" data-element_type=\"section\">\n\t\t\t\t\t\t<div class=\"elementor-container elementor-column-gap-default\">\n\t\t\t\t\t<div class=\"elementor-column elementor-col-25 elementor-top-column elementor-element elementor-element-2870164\" data-id=\"2870164\" data-element_type=\"column\">\n\t\t\t<div class=\"elementor-widget-wrap\">\n\t\t\t\t\t\t\t\t\t<\/div>\n\t\t<\/div>\n\t\t\t\t<div class=\"elementor-column elementor-col-25 elementor-top-column elementor-element elementor-element-4528893a\" data-id=\"4528893a\" data-element_type=\"column\">\n\t\t\t<div class=\"elementor-widget-wrap elementor-element-populated\">\n\t\t\t\t\t\t\t\t<div class=\"elementor-element elementor-element-64ec9277 elementor-widget-divider--view-line elementor-widget elementor-widget-divider\" data-id=\"64ec9277\" data-element_type=\"widget\" data-widget_type=\"divider.default\">\n\t\t\t\t<div class=\"elementor-widget-container\">\n\t\t\t\t\t<div class=\"elementor-divider\">\n\t\t\t<span class=\"elementor-divider-separator\">\n\t\t\t\t\t\t<\/span>\n\t\t<\/div>\n\t\t\t\t<\/div>\n\t\t\t\t<\/div>\n\t\t\t\t\t<\/div>\n\t\t<\/div>\n\t\t\t\t<div class=\"elementor-column elementor-col-25 elementor-top-column elementor-element elementor-element-15389c08\" data-id=\"15389c08\" data-element_type=\"column\">\n\t\t\t<div class=\"elementor-widget-wrap elementor-element-populated\">\n\t\t\t\t\t\t\t\t<div class=\"elementor-element elementor-element-1c7e8e06 e-transform elementor-widget elementor-widget-heading\" data-id=\"1c7e8e06\" data-element_type=\"widget\" data-settings=\"{&quot;_transform_scale_effect_hover&quot;:{&quot;unit&quot;:&quot;px&quot;,&quot;size&quot;:1.1,&quot;sizes&quot;:[]},&quot;_transform_scale_effect_hover_tablet&quot;:{&quot;unit&quot;:&quot;px&quot;,&quot;size&quot;:&quot;&quot;,&quot;sizes&quot;:[]},&quot;_transform_scale_effect_hover_mobile&quot;:{&quot;unit&quot;:&quot;px&quot;,&quot;size&quot;:&quot;&quot;,&quot;sizes&quot;:[]}}\" data-widget_type=\"heading.default\">\n\t\t\t\t<div class=\"elementor-widget-container\">\n\t\t\t<span class=\"elementor-heading-title elementor-size-large\"><a href=\"https:\/\/novosite.crefito4.gov.br\/site\/clube-de-vantagens\/\">Confira as outras empresas participantes do Clube de Vantagens<\/a><\/span>\t\t<\/div>\n\t\t\t\t<\/div>\n\t\t\t\t\t<\/div>\n\t\t<\/div>\n\t\t\t\t<div class=\"elementor-column elementor-col-25 elementor-top-column elementor-element elementor-element-4f0c5b8c\" data-id=\"4f0c5b8c\" data-element_type=\"column\">\n\t\t\t<div class=\"elementor-widget-wrap\">\n\t\t\t\t\t\t\t\t\t<\/div>\n\t\t<\/div>\n\t\t\t\t\t\t\t<\/div>\n\t\t<\/section>\n\t\t\t\t\t\t\t<\/div>\n\t\t","protected":false},"excerpt":{"rendered":"<p>Clube de Vantagens SENHOR CONT\u00c1BIL Escola de Idiomas Telefones: (19) 99679-7725\u00a0 Site: https:\/\/senhorcontabil.com.br\/ E-mail: emilly.santos@senhorcontabil.com.br Benef\u00edcios: desconto de 30,6% sobre as mensalidades do plano b\u00e1sico para prestadores de servi\u00e7os e a concess\u00e3o gratuita de duas mensalidades, v\u00e1lidas ap\u00f3s ades\u00e3o. Confira as outras empresas participantes do Clube de Vantagens<\/p>\n","protected":false},"author":2,"featured_media":0,"parent":0,"menu_order":0,"comment_status":"closed","ping_status":"closed","template":"page-templates\/template-pagebuilder-full-width.php","meta":{"footnotes":""},"class_list":["post-94751","page","type-page","status-publish","hentry"],"_links":{"self":[{"href":"https:\/\/novosite.crefito4.gov.br\/site\/wp-json\/wp\/v2\/pages\/94751","targetHints":{"allow":["GET"]}}],"collection":[{"href":"https:\/\/novosite.crefito4.gov.br\/site\/wp-json\/wp\/v2\/pages"}],"about":[{"href":"https:\/\/novosite.crefito4.gov.br\/site\/wp-json\/wp\/v2\/types\/page"}],"author":[{"embeddable":true,"href":"https:\/\/novosite.crefito4.gov.br\/site\/wp-json\/wp\/v2\/users\/2"}],"replies":[{"embeddable":true,"href":"https:\/\/novosite.crefito4.gov.br\/site\/wp-json\/wp\/v2\/comments?post=94751"}],"version-history":[{"count":8,"href":"https:\/\/novosite.crefito4.gov.br\/site\/wp-json\/wp\/v2\/pages\/94751\/revisions"}],"predecessor-version":[{"id":95613,"href":"https:\/\/novosite.crefito4.gov.br\/site\/wp-json\/wp\/v2\/pages\/94751\/revisions\/95613"}],"wp:attachment":[{"href":"https:\/\/novosite.crefito4.gov.br\/site\/wp-json\/wp\/v2\/media?parent=94751"}],"curies":[{"name":"wp","href":"https:\/\/api.w.org\/{rel}","templated":true}]}}